{"id":2059,"date":"2024-05-09T15:03:47","date_gmt":"2024-05-09T13:03:47","guid":{"rendered":"https:\/\/goodchiweed.de\/?page_id=2059"},"modified":"2024-09-16T15:56:02","modified_gmt":"2024-09-16T13:56:02","slug":"goodchi-weed","status":"publish","type":"page","link":"https:\/\/goodchiweed.de\/en\/goodchi-weed\/","title":{"rendered":"Unternehmensstruktur"},"content":{"rendered":"<div data-elementor-type=\"wp-page\" data-elementor-id=\"2059\" class=\"elementor elementor-2059\">\n\t\t\t\t<div class=\"elementor-element elementor-element-093a557 e-flex e-con-boxed e-con e-parent\" data-id=\"093a557\" data-element_type=\"container\" data-e-type=\"container\">\n\t\t\t\t\t<div class=\"e-con-inner\">\n\t\t\t\t<div class=\"elementor-element elementor-element-0e035b5 elementor-widget elementor-widget-spacer\" data-id=\"0e035b5\" data-element_type=\"widget\" data-e-type=\"widget\" data-widget_type=\"spacer.default\">\n\t\t\t\t<div class=\"elementor-widget-container\">\n\t\t\t\t\t\t\t<div class=\"elementor-spacer\">\n\t\t\t<div class=\"elementor-spacer-inner\"><\/div>\n\t\t<\/div>\n\t\t\t\t\t\t<\/div>\n\t\t\t\t<\/div>\n\t\t<div class=\"elementor-element elementor-element-4a530e9 e-flex e-con-boxed e-con e-child\" data-id=\"4a530e9\" data-element_type=\"container\" data-e-type=\"container\">\n\t\t\t\t\t<div class=\"e-con-inner\">\n\t\t\t\t<div class=\"elementor-element elementor-element-8faa439 elementor-widget elementor-widget-heading\" data-id=\"8faa439\" data-element_type=\"widget\" data-e-type=\"widget\" data-widget_type=\"heading.default\">\n\t\t\t\t<div class=\"elementor-widget-container\">\n\t\t\t\t\t<h2 class=\"elementor-heading-title elementor-size-default\">Unternehmensstruktur GoodChi Weed<\/h2>\t\t\t\t<\/div>\n\t\t\t\t<\/div>\n\t\t\t\t<div class=\"elementor-element elementor-element-fb99a47 elementor-widget elementor-widget-text-editor\" data-id=\"fb99a47\" data-element_type=\"widget\" data-e-type=\"widget\" data-widget_type=\"text-editor.default\">\n\t\t\t\t<div class=\"elementor-widget-container\">\n\t\t\t\t\t\t\t\t\t<p>Auf dieser Seite erhalten Sie einen \u00dcberblick \u00fcber der Unternehmensstruktur von GoodChi Weed<\/p>\t\t\t\t\t\t\t\t<\/div>\n\t\t\t\t<\/div>\n\t\t\t\t\t<\/div>\n\t\t\t\t<\/div>\n\t\t<div class=\"elementor-element elementor-element-1037c01 e-con-full e-flex e-con e-child\" data-id=\"1037c01\" data-element_type=\"container\" data-e-type=\"container\">\n\t\t\t\t<div class=\"elementor-element elementor-element-da6f85a elementor-widget elementor-widget-image\" data-id=\"da6f85a\" data-element_type=\"widget\" data-e-type=\"widget\" data-widget_type=\"image.default\">\n\t\t\t\t<div class=\"elementor-widget-container\">\n\t\t\t\t\t\t\t\t\t\t\t\t\t\t\t\t<a href=\"http:\/\/goodchigrow.de\">\n\t\t\t\t\t\t\t<img fetchpriority=\"high\" decoding=\"async\" width=\"300\" height=\"300\" src=\"https:\/\/goodchiweed.de\/wp-content\/uploads\/2024\/09\/2.Goodchi-Grow_PNG-300x300.png\" class=\"attachment-medium size-medium wp-image-2207\" alt=\"\" srcset=\"https:\/\/goodchiweed.de\/wp-content\/uploads\/2024\/09\/2.Goodchi-Grow_PNG-300x300.png 300w, https:\/\/goodchiweed.de\/wp-content\/uploads\/2024\/09\/2.Goodchi-Grow_PNG-150x150.png 150w, https:\/\/goodchiweed.de\/wp-content\/uploads\/2024\/09\/2.Goodchi-Grow_PNG-12x12.png 12w, https:\/\/goodchiweed.de\/wp-content\/uploads\/2024\/09\/2.Goodchi-Grow_PNG.png 450w\" sizes=\"(max-width: 300px) 100vw, 300px\" \/>\t\t\t\t\t\t\t\t<\/a>\n\t\t\t\t\t\t\t\t\t\t\t\t\t\t\t<\/div>\n\t\t\t\t<\/div>\n\t\t\t\t<div class=\"elementor-element elementor-element-29ce691 elementor-widget elementor-widget-heading\" data-id=\"29ce691\" data-element_type=\"widget\" data-e-type=\"widget\" data-widget_type=\"heading.default\">\n\t\t\t\t<div class=\"elementor-widget-container\">\n\t\t\t\t\t<h2 class=\"elementor-heading-title elementor-size-default\">GoodChi Grow - Ihr Partner f\u00fcr Growzubeh\u00f6r, Premium Stecklinge und alles rund um den Anbau.<\/h2>\t\t\t\t<\/div>\n\t\t\t\t<\/div>\n\t\t\t\t<\/div>\n\t\t<div class=\"elementor-element elementor-element-06b74b5 e-con-full e-flex e-con e-child\" data-id=\"06b74b5\" data-element_type=\"container\" data-e-type=\"container\">\n\t\t\t\t<div class=\"elementor-element elementor-element-d1ce7f3 elementor-widget elementor-widget-image\" data-id=\"d1ce7f3\" data-element_type=\"widget\" data-e-type=\"widget\" data-widget_type=\"image.default\">\n\t\t\t\t<div class=\"elementor-widget-container\">\n\t\t\t\t\t\t\t\t\t\t\t\t\t\t\t\t<a href=\"http:\/\/goodchiclub.de\">\n\t\t\t\t\t\t\t<img decoding=\"async\" width=\"300\" height=\"300\" src=\"https:\/\/goodchiweed.de\/wp-content\/uploads\/2024\/09\/1.Goodchi-Weed_PNG-300x300.png\" class=\"attachment-medium size-medium wp-image-2217\" alt=\"\" srcset=\"https:\/\/goodchiweed.de\/wp-content\/uploads\/2024\/09\/1.Goodchi-Weed_PNG-300x300.png 300w, https:\/\/goodchiweed.de\/wp-content\/uploads\/2024\/09\/1.Goodchi-Weed_PNG-1024x1024.png 1024w, https:\/\/goodchiweed.de\/wp-content\/uploads\/2024\/09\/1.Goodchi-Weed_PNG-150x150.png 150w, https:\/\/goodchiweed.de\/wp-content\/uploads\/2024\/09\/1.Goodchi-Weed_PNG-768x768.png 768w, https:\/\/goodchiweed.de\/wp-content\/uploads\/2024\/09\/1.Goodchi-Weed_PNG-1536x1536.png 1536w, https:\/\/goodchiweed.de\/wp-content\/uploads\/2024\/09\/1.Goodchi-Weed_PNG-2048x2048.png 2048w, https:\/\/goodchiweed.de\/wp-content\/uploads\/2024\/09\/1.Goodchi-Weed_PNG-12x12.png 12w\" sizes=\"(max-width: 300px) 100vw, 300px\" \/>\t\t\t\t\t\t\t\t<\/a>\n\t\t\t\t\t\t\t\t\t\t\t\t\t\t\t<\/div>\n\t\t\t\t<\/div>\n\t\t\t\t<div class=\"elementor-element elementor-element-8f23c8b elementor-widget elementor-widget-heading\" data-id=\"8f23c8b\" data-element_type=\"widget\" data-e-type=\"widget\" data-widget_type=\"heading.default\">\n\t\t\t\t<div class=\"elementor-widget-container\">\n\t\t\t\t\t<h2 class=\"elementor-heading-title elementor-size-default\">GoodChi Club - Das Zuhause f\u00fcr alle GoodChi Clubs und Partner<\/h2>\t\t\t\t<\/div>\n\t\t\t\t<\/div>\n\t\t\t\t<\/div>\n\t\t\t\t\t<\/div>\n\t\t\t\t<\/div>\n\t\t\t\t<\/div>","protected":false},"excerpt":{"rendered":"<p>Unternehmensstruktur GoodChi Weed Auf dieser Seite erhalten Sie einen \u00dcberblick \u00fcber der Unternehmensstruktur von GoodChi Weed GoodChi Grow &#8211; Ihr Partner f\u00fcr Growzubeh\u00f6r, Premium Stecklinge und alles rund um den Anbau. GoodChi Club &#8211; Das Zuhause f\u00fcr alle GoodChi Clubs und Partner<\/p>","protected":false},"author":1,"featured_media":0,"parent":0,"menu_order":0,"comment_status":"closed","ping_status":"closed","template":"","meta":{"content-type":"","footnotes":""},"class_list":["post-2059","page","type-page","status-publish","hentry"],"blocksy_meta":[],"featured_image_urls_v2":{"full":"","thumbnail":"","medium":"","medium_large":"","large":"","1536x1536":"","2048x2048":"","trp-custom-language-flag":""},"post_excerpt_stackable_v2":"<p>Unternehmensstruktur GoodChi Weed Auf dieser Seite erhalten Sie einen \u00dcberblick \u00fcber der Unternehmensstruktur von GoodChi Weed GoodChi Grow &#8211; Ihr Partner f\u00fcr Growzubeh\u00f6r, Premium Stecklinge und alles rund um den Anbau. GoodChi Club &#8211; Das Zuhause f\u00fcr alle GoodChi Clubs und Partner<\/p>\n","category_list_v2":"","author_info_v2":{"name":"hrabnaz","url":"https:\/\/goodchiweed.de\/en\/author\/hrabnaz\/"},"comments_num_v2":"0 comments","yoast_head":"<!-- This site is optimized with the Yoast SEO plugin v27.5 - https:\/\/yoast.com\/product\/yoast-seo-wordpress\/ -->\n<title>Unternehmensstruktur | GoodChi Weed<\/title>\n<meta name=\"description\" content=\"GoodChi Grow ist dein Partner wenn es um den Anbau geht | GoodChi Club ist das Zuhause f\u00fcr alle GoodChi Clubs und Partner | Beraten lassen\" \/>\n<meta name=\"robots\" content=\"index, follow, max-snippet:-1, max-image-preview:large, max-video-preview:-1\" \/>\n<link rel=\"canonical\" href=\"https:\/\/goodchiweed.de\/en\/goodchi-weed\/\" \/>\n<meta property=\"og:locale\" content=\"en_US\" \/>\n<meta property=\"og:type\" content=\"article\" \/>\n<meta property=\"og:title\" content=\"Unternehmensstruktur | GoodChi Weed\" \/>\n<meta property=\"og:description\" content=\"GoodChi Grow ist dein Partner wenn es um den Anbau geht | GoodChi Club ist das Zuhause f\u00fcr alle GoodChi Clubs und Partner | Beraten lassen\" \/>\n<meta property=\"og:url\" content=\"https:\/\/goodchiweed.de\/en\/goodchi-weed\/\" \/>\n<meta property=\"og:site_name\" content=\"Goodchi Weed\" \/>\n<meta property=\"article:modified_time\" content=\"2024-09-16T13:56:02+00:00\" \/>\n<meta property=\"og:image\" content=\"https:\/\/goodchiweed.de\/wp-content\/uploads\/2024\/09\/2.Goodchi-Grow_PNG-300x300.png\" \/>\n<meta name=\"twitter:card\" content=\"summary_large_image\" \/>\n<meta name=\"twitter:label1\" content=\"Est. reading time\" \/>\n\t<meta name=\"twitter:data1\" content=\"1 minute\" \/>\n<script type=\"application\/ld+json\" class=\"yoast-schema-graph\">{\"@context\":\"https:\\\/\\\/schema.org\",\"@graph\":[{\"@type\":\"WebPage\",\"@id\":\"https:\\\/\\\/goodchiweed.de\\\/goodchi-weed\\\/\",\"url\":\"https:\\\/\\\/goodchiweed.de\\\/goodchi-weed\\\/\",\"name\":\"Unternehmensstruktur | GoodChi Weed\",\"isPartOf\":{\"@id\":\"https:\\\/\\\/goodchiweed.de\\\/#website\"},\"primaryImageOfPage\":{\"@id\":\"https:\\\/\\\/goodchiweed.de\\\/goodchi-weed\\\/#primaryimage\"},\"image\":{\"@id\":\"https:\\\/\\\/goodchiweed.de\\\/goodchi-weed\\\/#primaryimage\"},\"thumbnailUrl\":\"https:\\\/\\\/goodchiweed.de\\\/wp-content\\\/uploads\\\/2024\\\/09\\\/2.Goodchi-Grow_PNG-300x300.png\",\"datePublished\":\"2024-05-09T13:03:47+00:00\",\"dateModified\":\"2024-09-16T13:56:02+00:00\",\"description\":\"GoodChi Grow ist dein Partner wenn es um den Anbau geht | GoodChi Club ist das Zuhause f\u00fcr alle GoodChi Clubs und Partner | Beraten lassen\",\"breadcrumb\":{\"@id\":\"https:\\\/\\\/goodchiweed.de\\\/goodchi-weed\\\/#breadcrumb\"},\"inLanguage\":\"en-US\",\"potentialAction\":[{\"@type\":\"ReadAction\",\"target\":[\"https:\\\/\\\/goodchiweed.de\\\/goodchi-weed\\\/\"]}]},{\"@type\":\"ImageObject\",\"inLanguage\":\"en-US\",\"@id\":\"https:\\\/\\\/goodchiweed.de\\\/goodchi-weed\\\/#primaryimage\",\"url\":\"https:\\\/\\\/goodchiweed.de\\\/wp-content\\\/uploads\\\/2024\\\/09\\\/2.Goodchi-Grow_PNG-300x300.png\",\"contentUrl\":\"https:\\\/\\\/goodchiweed.de\\\/wp-content\\\/uploads\\\/2024\\\/09\\\/2.Goodchi-Grow_PNG-300x300.png\"},{\"@type\":\"BreadcrumbList\",\"@id\":\"https:\\\/\\\/goodchiweed.de\\\/goodchi-weed\\\/#breadcrumb\",\"itemListElement\":[{\"@type\":\"ListItem\",\"position\":1,\"name\":\"Startseite\",\"item\":\"https:\\\/\\\/goodchiweed.de\\\/\"},{\"@type\":\"ListItem\",\"position\":2,\"name\":\"Unternehmensstruktur\"}]},{\"@type\":\"WebSite\",\"@id\":\"https:\\\/\\\/goodchiweed.de\\\/#website\",\"url\":\"https:\\\/\\\/goodchiweed.de\\\/\",\"name\":\"Goodchi Weed\",\"description\":\"\",\"publisher\":{\"@id\":\"https:\\\/\\\/goodchiweed.de\\\/#organization\"},\"potentialAction\":[{\"@type\":\"SearchAction\",\"target\":{\"@type\":\"EntryPoint\",\"urlTemplate\":\"https:\\\/\\\/goodchiweed.de\\\/?s={search_term_string}\"},\"query-input\":{\"@type\":\"PropertyValueSpecification\",\"valueRequired\":true,\"valueName\":\"search_term_string\"}}],\"inLanguage\":\"en-US\"},{\"@type\":\"Organization\",\"@id\":\"https:\\\/\\\/goodchiweed.de\\\/#organization\",\"name\":\"Goodchi Weed\",\"url\":\"https:\\\/\\\/goodchiweed.de\\\/\",\"logo\":{\"@type\":\"ImageObject\",\"inLanguage\":\"en-US\",\"@id\":\"https:\\\/\\\/goodchiweed.de\\\/#\\\/schema\\\/logo\\\/image\\\/\",\"url\":\"https:\\\/\\\/goodchiweed.de\\\/wp-content\\\/uploads\\\/2024\\\/05\\\/1.Goodchi-Weed_PNG.png\",\"contentUrl\":\"https:\\\/\\\/goodchiweed.de\\\/wp-content\\\/uploads\\\/2024\\\/05\\\/1.Goodchi-Weed_PNG.png\",\"width\":3000,\"height\":3000,\"caption\":\"Goodchi Weed\"},\"image\":{\"@id\":\"https:\\\/\\\/goodchiweed.de\\\/#\\\/schema\\\/logo\\\/image\\\/\"}}]}<\/script>\n<!-- \/ Yoast SEO plugin. -->","yoast_head_json":{"title":"Unternehmensstruktur | GoodChi Weed","description":"GoodChi Grow ist dein Partner wenn es um den Anbau geht | GoodChi Club ist das Zuhause f\u00fcr alle GoodChi Clubs und Partner | Beraten lassen","robots":{"index":"index","follow":"follow","max-snippet":"max-snippet:-1","max-image-preview":"max-image-preview:large","max-video-preview":"max-video-preview:-1"},"canonical":"https:\/\/goodchiweed.de\/en\/goodchi-weed\/","og_locale":"en_US","og_type":"article","og_title":"Unternehmensstruktur | GoodChi Weed","og_description":"GoodChi Grow ist dein Partner wenn es um den Anbau geht | GoodChi Club ist das Zuhause f\u00fcr alle GoodChi Clubs und Partner | Beraten lassen","og_url":"https:\/\/goodchiweed.de\/en\/goodchi-weed\/","og_site_name":"Goodchi Weed","article_modified_time":"2024-09-16T13:56:02+00:00","og_image":[{"url":"https:\/\/goodchiweed.de\/wp-content\/uploads\/2024\/09\/2.Goodchi-Grow_PNG-300x300.png","type":"","width":"","height":""}],"twitter_card":"summary_large_image","twitter_misc":{"Est. reading time":"1 minute"},"schema":{"@context":"https:\/\/schema.org","@graph":[{"@type":"WebPage","@id":"https:\/\/goodchiweed.de\/goodchi-weed\/","url":"https:\/\/goodchiweed.de\/goodchi-weed\/","name":"Unternehmensstruktur | GoodChi Weed","isPartOf":{"@id":"https:\/\/goodchiweed.de\/#website"},"primaryImageOfPage":{"@id":"https:\/\/goodchiweed.de\/goodchi-weed\/#primaryimage"},"image":{"@id":"https:\/\/goodchiweed.de\/goodchi-weed\/#primaryimage"},"thumbnailUrl":"https:\/\/goodchiweed.de\/wp-content\/uploads\/2024\/09\/2.Goodchi-Grow_PNG-300x300.png","datePublished":"2024-05-09T13:03:47+00:00","dateModified":"2024-09-16T13:56:02+00:00","description":"GoodChi Grow ist dein Partner wenn es um den Anbau geht | GoodChi Club ist das Zuhause f\u00fcr alle GoodChi Clubs und Partner | Beraten lassen","breadcrumb":{"@id":"https:\/\/goodchiweed.de\/goodchi-weed\/#breadcrumb"},"inLanguage":"en-US","potentialAction":[{"@type":"ReadAction","target":["https:\/\/goodchiweed.de\/goodchi-weed\/"]}]},{"@type":"ImageObject","inLanguage":"en-US","@id":"https:\/\/goodchiweed.de\/goodchi-weed\/#primaryimage","url":"https:\/\/goodchiweed.de\/wp-content\/uploads\/2024\/09\/2.Goodchi-Grow_PNG-300x300.png","contentUrl":"https:\/\/goodchiweed.de\/wp-content\/uploads\/2024\/09\/2.Goodchi-Grow_PNG-300x300.png"},{"@type":"BreadcrumbList","@id":"https:\/\/goodchiweed.de\/goodchi-weed\/#breadcrumb","itemListElement":[{"@type":"ListItem","position":1,"name":"Startseite","item":"https:\/\/goodchiweed.de\/"},{"@type":"ListItem","position":2,"name":"Unternehmensstruktur"}]},{"@type":"WebSite","@id":"https:\/\/goodchiweed.de\/#website","url":"https:\/\/goodchiweed.de\/","name":"Goodchi Weed","description":"","publisher":{"@id":"https:\/\/goodchiweed.de\/#organization"},"potentialAction":[{"@type":"SearchAction","target":{"@type":"EntryPoint","urlTemplate":"https:\/\/goodchiweed.de\/?s={search_term_string}"},"query-input":{"@type":"PropertyValueSpecification","valueRequired":true,"valueName":"search_term_string"}}],"inLanguage":"en-US"},{"@type":"Organization","@id":"https:\/\/goodchiweed.de\/#organization","name":"Goodchi Weed","url":"https:\/\/goodchiweed.de\/","logo":{"@type":"ImageObject","inLanguage":"en-US","@id":"https:\/\/goodchiweed.de\/#\/schema\/logo\/image\/","url":"https:\/\/goodchiweed.de\/wp-content\/uploads\/2024\/05\/1.Goodchi-Weed_PNG.png","contentUrl":"https:\/\/goodchiweed.de\/wp-content\/uploads\/2024\/05\/1.Goodchi-Weed_PNG.png","width":3000,"height":3000,"caption":"Goodchi Weed"},"image":{"@id":"https:\/\/goodchiweed.de\/#\/schema\/logo\/image\/"}}]}},"_links":{"self":[{"href":"https:\/\/goodchiweed.de\/en\/wp-json\/wp\/v2\/pages\/2059","targetHints":{"allow":["GET"]}}],"collection":[{"href":"https:\/\/goodchiweed.de\/en\/wp-json\/wp\/v2\/pages"}],"about":[{"href":"https:\/\/goodchiweed.de\/en\/wp-json\/wp\/v2\/types\/page"}],"author":[{"embeddable":true,"href":"https:\/\/goodchiweed.de\/en\/wp-json\/wp\/v2\/users\/1"}],"replies":[{"embeddable":true,"href":"https:\/\/goodchiweed.de\/en\/wp-json\/wp\/v2\/comments?post=2059"}],"version-history":[{"count":16,"href":"https:\/\/goodchiweed.de\/en\/wp-json\/wp\/v2\/pages\/2059\/revisions"}],"predecessor-version":[{"id":2220,"href":"https:\/\/goodchiweed.de\/en\/wp-json\/wp\/v2\/pages\/2059\/revisions\/2220"}],"wp:attachment":[{"href":"https:\/\/goodchiweed.de\/en\/wp-json\/wp\/v2\/media?parent=2059"}],"curies":[{"name":"wp","href":"https:\/\/api.w.org\/{rel}","templated":true}]}}