{"id":1966,"date":"2024-05-08T22:08:37","date_gmt":"2024-05-08T20:08:37","guid":{"rendered":"https:\/\/goodchiweed.de\/?page_id=1966"},"modified":"2024-09-16T16:06:18","modified_gmt":"2024-09-16T14:06:18","slug":"faq","status":"publish","type":"page","link":"https:\/\/goodchiweed.de\/en\/faq\/","title":{"rendered":"FAQ"},"content":{"rendered":"<div data-elementor-type=\"wp-page\" data-elementor-id=\"1966\" class=\"elementor elementor-1966\">\n\t\t\t\t<div class=\"elementor-element elementor-element-e3055d8 e-flex e-con-boxed e-con e-parent\" data-id=\"e3055d8\" data-element_type=\"container\" data-e-type=\"container\" data-settings=\"{&quot;background_background&quot;:&quot;classic&quot;}\">\n\t\t\t\t\t<div class=\"e-con-inner\">\n\t\t\t\t<div class=\"elementor-element elementor-element-1f0dbb3 elementor-widget elementor-widget-spacer\" data-id=\"1f0dbb3\" data-element_type=\"widget\" data-e-type=\"widget\" data-widget_type=\"spacer.default\">\n\t\t\t\t<div class=\"elementor-widget-container\">\n\t\t\t\t\t\t\t<div class=\"elementor-spacer\">\n\t\t\t<div class=\"elementor-spacer-inner\"><\/div>\n\t\t<\/div>\n\t\t\t\t\t\t<\/div>\n\t\t\t\t<\/div>\n\t\t<div class=\"elementor-element elementor-element-974facd e-flex e-con-boxed e-con e-child\" data-id=\"974facd\" data-element_type=\"container\" data-e-type=\"container\">\n\t\t\t\t\t<div class=\"e-con-inner\">\n\t\t\t\t<div class=\"elementor-element elementor-element-546fe3b elementor-widget elementor-widget-heading\" data-id=\"546fe3b\" data-element_type=\"widget\" data-e-type=\"widget\" data-widget_type=\"heading.default\">\n\t\t\t\t<div class=\"elementor-widget-container\">\n\t\t\t\t\t<h2 class=\"elementor-heading-title elementor-size-default\">H\u00e4ufig gestellte Fragen<\/h2>\t\t\t\t<\/div>\n\t\t\t\t<\/div>\n\t\t\t\t<div class=\"elementor-element elementor-element-ea2a2c5 elementor-widget elementor-widget-text-editor\" data-id=\"ea2a2c5\" data-element_type=\"widget\" data-e-type=\"widget\" data-widget_type=\"text-editor.default\">\n\t\t\t\t<div class=\"elementor-widget-container\">\n\t\t\t\t\t\t\t\t\t<p>Auf dieser Seite finden Sie eine \u00dcbersicht der am h\u00e4ufigst gestellten Fragen mit dazu passenden L\u00f6sungen<\/p>\t\t\t\t\t\t\t\t<\/div>\n\t\t\t\t<\/div>\n\t\t\t\t<div class=\"elementor-element elementor-element-33ac1b1 elementor-widget elementor-widget-accordion\" data-id=\"33ac1b1\" data-element_type=\"widget\" data-e-type=\"widget\" data-widget_type=\"accordion.default\">\n\t\t\t\t<div class=\"elementor-widget-container\">\n\t\t\t\t\t\t\t<div class=\"elementor-accordion\">\n\t\t\t\t\t\t\t<div class=\"elementor-accordion-item\">\n\t\t\t\t\t<div id=\"elementor-tab-title-5411\" class=\"elementor-tab-title\" data-tab=\"1\" role=\"button\" aria-controls=\"elementor-tab-content-5411\" aria-expanded=\"false\">\n\t\t\t\t\t\t\t\t\t\t\t\t\t<span class=\"elementor-accordion-icon elementor-accordion-icon-left\" aria-hidden=\"true\">\n\t\t\t\t\t\t\t\t\t\t\t\t\t\t\t<span class=\"elementor-accordion-icon-closed\"><svg class=\"e-font-icon-svg e-fas-plus\" viewbox=\"0 0 448 512\" xmlns=\"http:\/\/www.w3.org\/2000\/svg\"><path d=\"M416 208H272V64c0-17.67-14.33-32-32-32h-32c-17.67 0-32 14.33-32 32v144H32c-17.67 0-32 14.33-32 32v32c0 17.67 14.33 32 32 32h144v144c0 17.67 14.33 32 32 32h32c17.67 0 32-14.33 32-32V304h144c17.67 0 32-14.33 32-32v-32c0-17.67-14.33-32-32-32z\"><\/path><\/svg><\/span>\n\t\t\t\t\t\t\t\t<span class=\"elementor-accordion-icon-opened\"><svg class=\"e-font-icon-svg e-fas-minus\" viewbox=\"0 0 448 512\" xmlns=\"http:\/\/www.w3.org\/2000\/svg\"><path d=\"M416 208H32c-17.67 0-32 14.33-32 32v32c0 17.67 14.33 32 32 32h384c17.67 0 32-14.33 32-32v-32c0-17.67-14.33-32-32-32z\"><\/path><\/svg><\/span>\n\t\t\t\t\t\t\t\t\t\t\t\t\t\t<\/span>\n\t\t\t\t\t\t\t\t\t\t\t\t<a class=\"elementor-accordion-title\" tabindex=\"0\">Was ist ein Cannabis Social Club<\/a>\n\t\t\t\t\t<\/div>\n\t\t\t\t\t<div id=\"elementor-tab-content-5411\" class=\"elementor-tab-content elementor-clearfix\" data-tab=\"1\" role=\"region\" aria-labelledby=\"elementor-tab-title-5411\"><div class=\"elementor-accordion-item\"><div id=\"elementor-tab-content-7331\" class=\"elementor-tab-content elementor-clearfix elementor-active\" role=\"region\" data-tab=\"1\" aria-labelledby=\"elementor-tab-title-7331\"><p>Ein\u00a0<strong>Cannabis Social Club<\/strong>\u00a0ist eine gemeinn\u00fctzige Organisation, die sich aus Mitgliedern zusammensetzt, die gemeinsam Cannabis anbauen, konsumieren und teilen. Diese Clubs sind \u00a0ab dem 1.7.2024 in Deutschland legal und dienen dazu, den Zugang zu qualitativ hochwertigem Cannabis f\u00fcr Erwachsene zu erm\u00f6glichen. Die Mitglieder arbeiten zusammen, um Pflanzen anzubauen, Erfahrungen auszutauschen und die Vorteile von Cannabis zu genie\u00dfen.<\/p><\/div><\/div><div class=\"elementor-accordion-item\"><div id=\"elementor-tab-title-7332\" class=\"elementor-tab-title\" role=\"button\" data-tab=\"2\" aria-controls=\"elementor-tab-content-7332\" aria-expanded=\"false\">\u00a0<\/div><\/div><\/div>\n\t\t\t\t<\/div>\n\t\t\t\t\t\t\t<div class=\"elementor-accordion-item\">\n\t\t\t\t\t<div id=\"elementor-tab-title-5412\" class=\"elementor-tab-title\" data-tab=\"2\" role=\"button\" aria-controls=\"elementor-tab-content-5412\" aria-expanded=\"false\">\n\t\t\t\t\t\t\t\t\t\t\t\t\t<span class=\"elementor-accordion-icon elementor-accordion-icon-left\" aria-hidden=\"true\">\n\t\t\t\t\t\t\t\t\t\t\t\t\t\t\t<span class=\"elementor-accordion-icon-closed\"><svg class=\"e-font-icon-svg e-fas-plus\" viewbox=\"0 0 448 512\" xmlns=\"http:\/\/www.w3.org\/2000\/svg\"><path d=\"M416 208H272V64c0-17.67-14.33-32-32-32h-32c-17.67 0-32 14.33-32 32v144H32c-17.67 0-32 14.33-32 32v32c0 17.67 14.33 32 32 32h144v144c0 17.67 14.33 32 32 32h32c17.67 0 32-14.33 32-32V304h144c17.67 0 32-14.33 32-32v-32c0-17.67-14.33-32-32-32z\"><\/path><\/svg><\/span>\n\t\t\t\t\t\t\t\t<span class=\"elementor-accordion-icon-opened\"><svg class=\"e-font-icon-svg e-fas-minus\" viewbox=\"0 0 448 512\" xmlns=\"http:\/\/www.w3.org\/2000\/svg\"><path d=\"M416 208H32c-17.67 0-32 14.33-32 32v32c0 17.67 14.33 32 32 32h384c17.67 0 32-14.33 32-32v-32c0-17.67-14.33-32-32-32z\"><\/path><\/svg><\/span>\n\t\t\t\t\t\t\t\t\t\t\t\t\t\t<\/span>\n\t\t\t\t\t\t\t\t\t\t\t\t<a class=\"elementor-accordion-title\" tabindex=\"0\">Welche Vorteile erhalten Mitglieder von GoodChi Weed und den Partner-Raucherclubs?<\/a>\n\t\t\t\t\t<\/div>\n\t\t\t\t\t<div id=\"elementor-tab-content-5412\" class=\"elementor-tab-content elementor-clearfix\" data-tab=\"2\" role=\"region\" aria-labelledby=\"elementor-tab-title-5412\"><p>Mitglieder\/Partner profitieren von:<\/p><ul><li><ul><li><strong>Rabatten:<\/strong>\u00a0Verg\u00fcnstigungen beim Kauf von Produkten oder Dienstleistungen.<\/li><li><strong>Exklusiven Veranstaltungen:<\/strong>\u00a0Zugang zu speziellen Treffen, Workshops oder Club-Events.<\/li><li><strong>Netzwerkm\u00f6glichkeiten:<\/strong>\u00a0Verbindung zu anderen Cannabis-Enthusiasten und -Experten.<\/li><\/ul><\/li><\/ul><\/div>\n\t\t\t\t<\/div>\n\t\t\t\t\t\t\t<div class=\"elementor-accordion-item\">\n\t\t\t\t\t<div id=\"elementor-tab-title-5413\" class=\"elementor-tab-title\" data-tab=\"3\" role=\"button\" aria-controls=\"elementor-tab-content-5413\" aria-expanded=\"false\">\n\t\t\t\t\t\t\t\t\t\t\t\t\t<span class=\"elementor-accordion-icon elementor-accordion-icon-left\" aria-hidden=\"true\">\n\t\t\t\t\t\t\t\t\t\t\t\t\t\t\t<span class=\"elementor-accordion-icon-closed\"><svg class=\"e-font-icon-svg e-fas-plus\" viewbox=\"0 0 448 512\" xmlns=\"http:\/\/www.w3.org\/2000\/svg\"><path d=\"M416 208H272V64c0-17.67-14.33-32-32-32h-32c-17.67 0-32 14.33-32 32v144H32c-17.67 0-32 14.33-32 32v32c0 17.67 14.33 32 32 32h144v144c0 17.67 14.33 32 32 32h32c17.67 0 32-14.33 32-32V304h144c17.67 0 32-14.33 32-32v-32c0-17.67-14.33-32-32-32z\"><\/path><\/svg><\/span>\n\t\t\t\t\t\t\t\t<span class=\"elementor-accordion-icon-opened\"><svg class=\"e-font-icon-svg e-fas-minus\" viewbox=\"0 0 448 512\" xmlns=\"http:\/\/www.w3.org\/2000\/svg\"><path d=\"M416 208H32c-17.67 0-32 14.33-32 32v32c0 17.67 14.33 32 32 32h384c17.67 0 32-14.33 32-32v-32c0-17.67-14.33-32-32-32z\"><\/path><\/svg><\/span>\n\t\t\t\t\t\t\t\t\t\t\t\t\t\t<\/span>\n\t\t\t\t\t\t\t\t\t\t\t\t<a class=\"elementor-accordion-title\" tabindex=\"0\">Kann ich als Raucherclub mit GoodChi Weed zusammenarbeiten?<\/a>\n\t\t\t\t\t<\/div>\n\t\t\t\t\t<div id=\"elementor-tab-content-5413\" class=\"elementor-tab-content elementor-clearfix\" data-tab=\"3\" role=\"region\" aria-labelledby=\"elementor-tab-title-5413\"><div class=\"elementor-element elementor-element-56f5316 e-flex e-con-boxed e-con e-parent e-lazyloaded\" data-id=\"56f5316\" data-element_type=\"container\" data-settings=\"{&quot;background_background&quot;:&quot;classic&quot;}\"><div class=\"e-con-inner\"><div class=\"elementor-element elementor-element-d4f0de3 e-con-full e-flex e-con e-child\" data-id=\"d4f0de3\" data-element_type=\"container\"><div class=\"elementor-element elementor-element-45faf0b elementor-widget elementor-widget-accordion\" data-id=\"45faf0b\" data-element_type=\"widget\" data-widget_type=\"accordion.default\"><div class=\"elementor-widget-container\"><div class=\"elementor-accordion\"><div class=\"elementor-accordion-item\"><div id=\"elementor-tab-content-7333\" class=\"elementor-tab-content elementor-clearfix elementor-active\" role=\"region\" data-tab=\"3\" aria-labelledby=\"elementor-tab-title-7333\"><p>Ja! Raucherclubs k\u00f6nnen Partnerschaften mit GoodChi Chill eingehen, um von den angebotenen Dienstleistungen und Vorteilen zu profitieren. Nehmt Kontakt auf, um M\u00f6glichkeiten zur Zusammenarbeit zu besprechen.<\/p><\/div><\/div><\/div><\/div><\/div><\/div><\/div><\/div><div class=\"elementor-element elementor-element-ea0eca6 e-flex e-con-boxed e-con e-parent e-lazyloaded\" data-id=\"ea0eca6\" data-element_type=\"container\"><div class=\"e-con-inner\"><div class=\"elementor-element elementor-element-13b04eb e-con-full e-flex e-con e-child\" data-id=\"13b04eb\" data-element_type=\"container\"><div class=\"elementor-element elementor-element-95eacd4 elementor-widget elementor-widget-heading\" data-id=\"95eacd4\" data-element_type=\"widget\" data-widget_type=\"heading.default\"><div class=\"elementor-widget-container\">\u00a0<\/div><\/div><\/div><\/div><\/div><\/div>\n\t\t\t\t<\/div>\n\t\t\t\t\t\t\t\t<\/div>\n\t\t\t\t\t\t<\/div>\n\t\t\t\t<\/div>\n\t\t\t\t\t<\/div>\n\t\t\t\t<\/div>\n\t\t\t\t\t<\/div>\n\t\t\t\t<\/div>\n\t\t\t\t<\/div>","protected":false},"excerpt":{"rendered":"<p>H\u00e4ufig gestellte Fragen Auf dieser Seite finden Sie eine \u00dcbersicht der am h\u00e4ufigst gestellten Fragen mit dazu passenden L\u00f6sungen Was ist ein Cannabis Social Club Ein\u00a0Cannabis Social Club\u00a0ist eine gemeinn\u00fctzige Organisation, die sich aus Mitgliedern zusammensetzt, die gemeinsam Cannabis anbauen, konsumieren und teilen. Diese Clubs sind \u00a0ab dem 1.7.2024 in Deutschland legal und dienen dazu, [&hellip;]<\/p>\n","protected":false},"author":1,"featured_media":0,"parent":0,"menu_order":0,"comment_status":"closed","ping_status":"closed","template":"","meta":{"content-type":"","footnotes":""},"class_list":["post-1966","page","type-page","status-publish","hentry"],"blocksy_meta":[],"featured_image_urls_v2":{"full":"","thumbnail":"","medium":"","medium_large":"","large":"","1536x1536":"","2048x2048":"","trp-custom-language-flag":""},"post_excerpt_stackable_v2":"<p>H\u00e4ufig gestellte Fragen Auf dieser Seite finden Sie eine \u00dcbersicht der am h\u00e4ufigst gestellten Fragen mit dazu passenden L\u00f6sungen Was ist ein Cannabis Social Club Ein\u00a0Cannabis Social Club\u00a0ist eine gemeinn\u00fctzige Organisation, die sich aus Mitgliedern zusammensetzt, die gemeinsam Cannabis anbauen, konsumieren und teilen. Diese Clubs sind \u00a0ab dem 1.7.2024 in Deutschland legal und dienen dazu, den Zugang zu qualitativ hochwertigem Cannabis f\u00fcr Erwachsene zu erm\u00f6glichen. Die Mitglieder arbeiten zusammen, um Pflanzen anzubauen, Erfahrungen auszutauschen und die Vorteile von Cannabis zu genie\u00dfen.\u00a0 Welche Vorteile erhalten Mitglieder von GoodChi Weed und den Partner-Raucherclubs? Mitglieder\/Partner profitieren von:Rabatten:\u00a0Verg\u00fcnstigungen beim Kauf von Produkten oder Dienstleistungen.Exklusiven&hellip;<\/p>\n","category_list_v2":"","author_info_v2":{"name":"hrabnaz","url":"https:\/\/goodchiweed.de\/en\/author\/hrabnaz\/"},"comments_num_v2":"0 comments","yoast_head":"<!-- This site is optimized with the Yoast SEO plugin v27.5 - https:\/\/yoast.com\/product\/yoast-seo-wordpress\/ -->\n<title>FAQ | GoodChi Weed<\/title>\n<meta name=\"description\" content=\"GoodChi Weed | H\u00e4ufig gestellte Fragen | Wir beantworten Fragen rund um die Themen Social Club und Cannabisanbau | Dein Socialclub Partner\" \/>\n<meta name=\"robots\" content=\"index, follow, max-snippet:-1, max-image-preview:large, max-video-preview:-1\" \/>\n<link rel=\"canonical\" href=\"https:\/\/goodchiweed.de\/en\/faq\/\" \/>\n<meta property=\"og:locale\" content=\"en_US\" \/>\n<meta property=\"og:type\" content=\"article\" \/>\n<meta property=\"og:title\" content=\"FAQ | GoodChi Weed\" \/>\n<meta property=\"og:description\" content=\"GoodChi Weed | H\u00e4ufig gestellte Fragen | Wir beantworten Fragen rund um die Themen Social Club und Cannabisanbau | Dein Socialclub Partner\" \/>\n<meta property=\"og:url\" content=\"https:\/\/goodchiweed.de\/en\/faq\/\" \/>\n<meta property=\"og:site_name\" content=\"Goodchi Weed\" \/>\n<meta property=\"article:modified_time\" content=\"2024-09-16T14:06:18+00:00\" \/>\n<meta name=\"twitter:card\" content=\"summary_large_image\" \/>\n<meta name=\"twitter:label1\" content=\"Est. reading time\" \/>\n\t<meta name=\"twitter:data1\" content=\"1 minute\" \/>\n<script type=\"application\/ld+json\" class=\"yoast-schema-graph\">{\"@context\":\"https:\\\/\\\/schema.org\",\"@graph\":[{\"@type\":[\"WebPage\",\"FAQPage\"],\"@id\":\"https:\\\/\\\/goodchiweed.de\\\/faq\\\/\",\"url\":\"https:\\\/\\\/goodchiweed.de\\\/faq\\\/\",\"name\":\"FAQ | GoodChi Weed\",\"isPartOf\":{\"@id\":\"https:\\\/\\\/goodchiweed.de\\\/#website\"},\"datePublished\":\"2024-05-08T20:08:37+00:00\",\"dateModified\":\"2024-09-16T14:06:18+00:00\",\"description\":\"GoodChi Weed | H\u00e4ufig gestellte Fragen | Wir beantworten Fragen rund um die Themen Social Club und Cannabisanbau | Dein Socialclub Partner\",\"breadcrumb\":{\"@id\":\"https:\\\/\\\/goodchiweed.de\\\/faq\\\/#breadcrumb\"},\"inLanguage\":\"en-US\",\"potentialAction\":[{\"@type\":\"ReadAction\",\"target\":[\"https:\\\/\\\/goodchiweed.de\\\/faq\\\/\"]}]},{\"@type\":\"BreadcrumbList\",\"@id\":\"https:\\\/\\\/goodchiweed.de\\\/faq\\\/#breadcrumb\",\"itemListElement\":[{\"@type\":\"ListItem\",\"position\":1,\"name\":\"Startseite\",\"item\":\"https:\\\/\\\/goodchiweed.de\\\/\"},{\"@type\":\"ListItem\",\"position\":2,\"name\":\"FAQ\"}]},{\"@type\":\"WebSite\",\"@id\":\"https:\\\/\\\/goodchiweed.de\\\/#website\",\"url\":\"https:\\\/\\\/goodchiweed.de\\\/\",\"name\":\"Goodchi Weed\",\"description\":\"\",\"publisher\":{\"@id\":\"https:\\\/\\\/goodchiweed.de\\\/#organization\"},\"potentialAction\":[{\"@type\":\"SearchAction\",\"target\":{\"@type\":\"EntryPoint\",\"urlTemplate\":\"https:\\\/\\\/goodchiweed.de\\\/?s={search_term_string}\"},\"query-input\":{\"@type\":\"PropertyValueSpecification\",\"valueRequired\":true,\"valueName\":\"search_term_string\"}}],\"inLanguage\":\"en-US\"},{\"@type\":\"Organization\",\"@id\":\"https:\\\/\\\/goodchiweed.de\\\/#organization\",\"name\":\"Goodchi Weed\",\"url\":\"https:\\\/\\\/goodchiweed.de\\\/\",\"logo\":{\"@type\":\"ImageObject\",\"inLanguage\":\"en-US\",\"@id\":\"https:\\\/\\\/goodchiweed.de\\\/#\\\/schema\\\/logo\\\/image\\\/\",\"url\":\"https:\\\/\\\/goodchiweed.de\\\/wp-content\\\/uploads\\\/2024\\\/05\\\/1.Goodchi-Weed_PNG.png\",\"contentUrl\":\"https:\\\/\\\/goodchiweed.de\\\/wp-content\\\/uploads\\\/2024\\\/05\\\/1.Goodchi-Weed_PNG.png\",\"width\":3000,\"height\":3000,\"caption\":\"Goodchi Weed\"},\"image\":{\"@id\":\"https:\\\/\\\/goodchiweed.de\\\/#\\\/schema\\\/logo\\\/image\\\/\"}}]}<\/script>\n<!-- \/ Yoast SEO plugin. -->","yoast_head_json":{"title":"FAQ | GoodChi Weed","description":"GoodChi Weed | H\u00e4ufig gestellte Fragen | Wir beantworten Fragen rund um die Themen Social Club und Cannabisanbau | Dein Socialclub Partner","robots":{"index":"index","follow":"follow","max-snippet":"max-snippet:-1","max-image-preview":"max-image-preview:large","max-video-preview":"max-video-preview:-1"},"canonical":"https:\/\/goodchiweed.de\/en\/faq\/","og_locale":"en_US","og_type":"article","og_title":"FAQ | GoodChi Weed","og_description":"GoodChi Weed | H\u00e4ufig gestellte Fragen | Wir beantworten Fragen rund um die Themen Social Club und Cannabisanbau | Dein Socialclub Partner","og_url":"https:\/\/goodchiweed.de\/en\/faq\/","og_site_name":"Goodchi Weed","article_modified_time":"2024-09-16T14:06:18+00:00","twitter_card":"summary_large_image","twitter_misc":{"Est. reading time":"1 minute"},"schema":{"@context":"https:\/\/schema.org","@graph":[{"@type":["WebPage","FAQPage"],"@id":"https:\/\/goodchiweed.de\/faq\/","url":"https:\/\/goodchiweed.de\/faq\/","name":"FAQ | GoodChi Weed","isPartOf":{"@id":"https:\/\/goodchiweed.de\/#website"},"datePublished":"2024-05-08T20:08:37+00:00","dateModified":"2024-09-16T14:06:18+00:00","description":"GoodChi Weed | H\u00e4ufig gestellte Fragen | Wir beantworten Fragen rund um die Themen Social Club und Cannabisanbau | Dein Socialclub Partner","breadcrumb":{"@id":"https:\/\/goodchiweed.de\/faq\/#breadcrumb"},"inLanguage":"en-US","potentialAction":[{"@type":"ReadAction","target":["https:\/\/goodchiweed.de\/faq\/"]}]},{"@type":"BreadcrumbList","@id":"https:\/\/goodchiweed.de\/faq\/#breadcrumb","itemListElement":[{"@type":"ListItem","position":1,"name":"Startseite","item":"https:\/\/goodchiweed.de\/"},{"@type":"ListItem","position":2,"name":"FAQ"}]},{"@type":"WebSite","@id":"https:\/\/goodchiweed.de\/#website","url":"https:\/\/goodchiweed.de\/","name":"Goodchi Weed","description":"","publisher":{"@id":"https:\/\/goodchiweed.de\/#organization"},"potentialAction":[{"@type":"SearchAction","target":{"@type":"EntryPoint","urlTemplate":"https:\/\/goodchiweed.de\/?s={search_term_string}"},"query-input":{"@type":"PropertyValueSpecification","valueRequired":true,"valueName":"search_term_string"}}],"inLanguage":"en-US"},{"@type":"Organization","@id":"https:\/\/goodchiweed.de\/#organization","name":"Goodchi Weed","url":"https:\/\/goodchiweed.de\/","logo":{"@type":"ImageObject","inLanguage":"en-US","@id":"https:\/\/goodchiweed.de\/#\/schema\/logo\/image\/","url":"https:\/\/goodchiweed.de\/wp-content\/uploads\/2024\/05\/1.Goodchi-Weed_PNG.png","contentUrl":"https:\/\/goodchiweed.de\/wp-content\/uploads\/2024\/05\/1.Goodchi-Weed_PNG.png","width":3000,"height":3000,"caption":"Goodchi Weed"},"image":{"@id":"https:\/\/goodchiweed.de\/#\/schema\/logo\/image\/"}}]}},"_links":{"self":[{"href":"https:\/\/goodchiweed.de\/en\/wp-json\/wp\/v2\/pages\/1966","targetHints":{"allow":["GET"]}}],"collection":[{"href":"https:\/\/goodchiweed.de\/en\/wp-json\/wp\/v2\/pages"}],"about":[{"href":"https:\/\/goodchiweed.de\/en\/wp-json\/wp\/v2\/types\/page"}],"author":[{"embeddable":true,"href":"https:\/\/goodchiweed.de\/en\/wp-json\/wp\/v2\/users\/1"}],"replies":[{"embeddable":true,"href":"https:\/\/goodchiweed.de\/en\/wp-json\/wp\/v2\/comments?post=1966"}],"version-history":[{"count":14,"href":"https:\/\/goodchiweed.de\/en\/wp-json\/wp\/v2\/pages\/1966\/revisions"}],"predecessor-version":[{"id":1985,"href":"https:\/\/goodchiweed.de\/en\/wp-json\/wp\/v2\/pages\/1966\/revisions\/1985"}],"wp:attachment":[{"href":"https:\/\/goodchiweed.de\/en\/wp-json\/wp\/v2\/media?parent=1966"}],"curies":[{"name":"wp","href":"https:\/\/api.w.org\/{rel}","templated":true}]}}