{"id":1874,"date":"2024-05-04T16:34:19","date_gmt":"2024-05-04T14:34:19","guid":{"rendered":"https:\/\/goodchiweed.de\/?page_id=1874"},"modified":"2024-05-04T16:37:28","modified_gmt":"2024-05-04T14:37:28","slug":"anbaucontainerberatung","status":"publish","type":"page","link":"https:\/\/goodchiweed.de\/en\/anbaucontainerberatung\/","title":{"rendered":"AnbaucontainerBeratung"},"content":{"rendered":"<div data-elementor-type=\"wp-page\" data-elementor-id=\"1874\" class=\"elementor elementor-1874\">\n\t\t\t\t<div class=\"elementor-element elementor-element-15a05fc e-flex e-con-boxed e-con e-parent\" data-id=\"15a05fc\" data-element_type=\"container\" data-e-type=\"container\">\n\t\t\t\t\t<div class=\"e-con-inner\">\n\t\t\t\t<div class=\"elementor-element elementor-element-0aadb58 elementor-widget elementor-widget-spacer\" data-id=\"0aadb58\" data-element_type=\"widget\" data-e-type=\"widget\" data-widget_type=\"spacer.default\">\n\t\t\t\t<div class=\"elementor-widget-container\">\n\t\t\t\t\t\t\t<div class=\"elementor-spacer\">\n\t\t\t<div class=\"elementor-spacer-inner\"><\/div>\n\t\t<\/div>\n\t\t\t\t\t\t<\/div>\n\t\t\t\t<\/div>\n\t\t<div class=\"elementor-element elementor-element-456880b e-flex e-con-boxed e-con e-child\" data-id=\"456880b\" data-element_type=\"container\" data-e-type=\"container\">\n\t\t\t\t\t<div class=\"e-con-inner\">\n\t\t\t\t<div class=\"elementor-element elementor-element-5a48f62 elementor-widget elementor-widget-heading\" data-id=\"5a48f62\" data-element_type=\"widget\" data-e-type=\"widget\" data-widget_type=\"heading.default\">\n\t\t\t\t<div class=\"elementor-widget-container\">\n\t\t\t\t\t<h2 class=\"elementor-heading-title elementor-size-default\">Beratung f\u00fcr Ihre Anbaucontainer<\/h2>\t\t\t\t<\/div>\n\t\t\t\t<\/div>\n\t\t<div class=\"elementor-element elementor-element-1055a01 e-flex e-con-boxed e-con e-child\" data-id=\"1055a01\" data-element_type=\"container\" data-e-type=\"container\">\n\t\t\t\t\t<div class=\"e-con-inner\">\n\t\t\t\t<div class=\"elementor-element elementor-element-c8b1f50 elementor-widget elementor-widget-text-editor\" data-id=\"c8b1f50\" data-element_type=\"widget\" data-e-type=\"widget\" data-widget_type=\"text-editor.default\">\n\t\t\t\t<div class=\"elementor-widget-container\">\n\t\t\t\t\t\t\t\t\t<p>Bei\u00a0<strong>GoodChi Weed<\/strong>\u00a0\u00fcbernehmen wir die\u00a0<strong>komplette Planung und Einrichtung von Anbaucontainern<\/strong>\u00a0f\u00fcr Ihren Cannabis Social Club. Sie k\u00f6nnen sich entspannt zur\u00fccklehnen, w\u00e4hrend wir folgende Schritte f\u00fcr Sie erledigen:<\/p><h2>Planungsaufwand:<\/h2><ul><li><strong>Rechtliche Pr\u00fcfung<\/strong>: Wir stellen sicher, dass der Anbau im Einklang mit lokalen Gesetzen und Vorschriften steht.<\/li><li><strong>Standortwahl<\/strong>: Wir w\u00e4hlen einen geeigneten Ort f\u00fcr den Container aus, der Zugang zu Strom, Wasser und eventuell auch Sonnenlicht bietet.<\/li><li><strong>Design und Layout<\/strong>: Wir erstellen ein effizientes Layout f\u00fcr den Innenraum des Containers, um optimale Wachstumsbedingungen zu gew\u00e4hrleisten.<\/li><\/ul><h2>Einrichtungsaufwand:<\/h2><ul><li><strong>Klimakontrolle<\/strong>: Wir installieren Bel\u00fcftungs-, Heizungs- und K\u00fchlsysteme, um Temperatur und Luftfeuchtigkeit zu regulieren.<\/li><li><strong>Beleuchtung<\/strong>: Wir bauen spezielle Grow-Lampen ein, die das Sonnenlicht simulieren und f\u00fcr die Pflanzen essentiell sind.<\/li><li><strong>Bew\u00e4sserungssystem<\/strong>: Wir richten ein automatisiertes Bew\u00e4sserungssystem ein, das die Pflanzen regelm\u00e4\u00dfig mit Wasser und N\u00e4hrstoffen versorgt.<\/li><li><strong>Sicherheitsma\u00dfnahmen<\/strong>: Wir implementieren Sicherheitssysteme zum Schutz vor unbefugtem Zugriff und zur \u00dcberwachung der Anlage.<\/li><\/ul><p>Mit GoodChi Weed wird die Planung und Einrichtung eines Anbaucontainers einfach und professionell. Kontaktieren Sie uns \u2013 wir freuen uns darauf, Sie zu unterst\u00fctzen!<\/p><p>\u00a0<\/p><p>\u00a0<\/p><p>\u00a0<\/p><p>\u00a0<\/p><p>\u00a0<\/p><p>\u00a0<\/p><p>\u00a0<\/p><p>\u00a0<\/p>\t\t\t\t\t\t\t\t<\/div>\n\t\t\t\t<\/div>\n\t\t\t\t\t<\/div>\n\t\t\t\t<\/div>\n\t\t\t\t\t<\/div>\n\t\t\t\t<\/div>\n\t\t\t\t\t<\/div>\n\t\t\t\t<\/div>\n\t\t\t\t<\/div>","protected":false},"excerpt":{"rendered":"<p>Beratung f\u00fcr Ihre Anbaucontainer Bei\u00a0GoodChi Weed\u00a0\u00fcbernehmen wir die\u00a0komplette Planung und Einrichtung von Anbaucontainern\u00a0f\u00fcr Ihren Cannabis Social Club. Sie k\u00f6nnen sich entspannt zur\u00fccklehnen, w\u00e4hrend wir folgende Schritte f\u00fcr Sie erledigen: Planungsaufwand: Rechtliche Pr\u00fcfung: Wir stellen sicher, dass der Anbau im Einklang mit lokalen Gesetzen und Vorschriften steht. Standortwahl: Wir w\u00e4hlen einen geeigneten Ort f\u00fcr den Container [&hellip;]<\/p>\n","protected":false},"author":1,"featured_media":0,"parent":0,"menu_order":0,"comment_status":"closed","ping_status":"closed","template":"","meta":{"content-type":"","footnotes":""},"class_list":["post-1874","page","type-page","status-publish","hentry"],"blocksy_meta":[],"featured_image_urls_v2":{"full":"","thumbnail":"","medium":"","medium_large":"","large":"","1536x1536":"","2048x2048":"","trp-custom-language-flag":""},"post_excerpt_stackable_v2":"<p>Beratung f\u00fcr Ihre Anbaucontainer Bei\u00a0GoodChi Weed\u00a0\u00fcbernehmen wir die\u00a0komplette Planung und Einrichtung von Anbaucontainern\u00a0f\u00fcr Ihren Cannabis Social Club. Sie k\u00f6nnen sich entspannt zur\u00fccklehnen, w\u00e4hrend wir folgende Schritte f\u00fcr Sie erledigen:Planungsaufwand:Rechtliche Pr\u00fcfung: Wir stellen sicher, dass der Anbau im Einklang mit lokalen Gesetzen und Vorschriften steht.Standortwahl: Wir w\u00e4hlen einen geeigneten Ort f\u00fcr den Container aus, der Zugang zu Strom, Wasser und eventuell auch Sonnenlicht bietet.Design und Layout: Wir erstellen ein effizientes Layout f\u00fcr den Innenraum des Containers, um optimale Wachstumsbedingungen zu gew\u00e4hrleisten.Einrichtungsaufwand:Klimakontrolle: Wir installieren Bel\u00fcftungs-, Heizungs- und K\u00fchlsysteme, um Temperatur und Luftfeuchtigkeit zu regulieren.Beleuchtung: Wir bauen spezielle Grow-Lampen ein, die das Sonnenlicht&hellip;<\/p>\n","category_list_v2":"","author_info_v2":{"name":"hrabnaz","url":"https:\/\/goodchiweed.de\/en\/author\/hrabnaz\/"},"comments_num_v2":"0 comments","yoast_head":"<!-- This site is optimized with the Yoast SEO plugin v27.5 - https:\/\/yoast.com\/product\/yoast-seo-wordpress\/ -->\n<title>AnbaucontainerBeratung - Goodchi Weed<\/title>\n<meta name=\"robots\" content=\"index, follow, max-snippet:-1, max-image-preview:large, max-video-preview:-1\" \/>\n<link rel=\"canonical\" href=\"https:\/\/goodchiweed.de\/en\/anbaucontainerberatung\/\" \/>\n<meta property=\"og:locale\" content=\"en_US\" \/>\n<meta property=\"og:type\" content=\"article\" \/>\n<meta property=\"og:title\" content=\"AnbaucontainerBeratung - Goodchi Weed\" \/>\n<meta property=\"og:description\" content=\"Beratung f\u00fcr Ihre Anbaucontainer Bei\u00a0GoodChi Weed\u00a0\u00fcbernehmen wir die\u00a0komplette Planung und Einrichtung von Anbaucontainern\u00a0f\u00fcr Ihren Cannabis Social Club. Sie k\u00f6nnen sich entspannt zur\u00fccklehnen, w\u00e4hrend wir folgende Schritte f\u00fcr Sie erledigen: Planungsaufwand: Rechtliche Pr\u00fcfung: Wir stellen sicher, dass der Anbau im Einklang mit lokalen Gesetzen und Vorschriften steht. Standortwahl: Wir w\u00e4hlen einen geeigneten Ort f\u00fcr den Container [&hellip;]\" \/>\n<meta property=\"og:url\" content=\"https:\/\/goodchiweed.de\/en\/anbaucontainerberatung\/\" \/>\n<meta property=\"og:site_name\" content=\"Goodchi Weed\" \/>\n<meta property=\"article:modified_time\" content=\"2024-05-04T14:37:28+00:00\" \/>\n<meta name=\"twitter:card\" content=\"summary_large_image\" \/>\n<meta name=\"twitter:label1\" content=\"Est. reading time\" \/>\n\t<meta name=\"twitter:data1\" content=\"1 minute\" \/>\n<script type=\"application\/ld+json\" class=\"yoast-schema-graph\">{\"@context\":\"https:\\\/\\\/schema.org\",\"@graph\":[{\"@type\":\"WebPage\",\"@id\":\"https:\\\/\\\/goodchiweed.de\\\/anbaucontainerberatung\\\/\",\"url\":\"https:\\\/\\\/goodchiweed.de\\\/anbaucontainerberatung\\\/\",\"name\":\"AnbaucontainerBeratung - Goodchi Weed\",\"isPartOf\":{\"@id\":\"https:\\\/\\\/goodchiweed.de\\\/#website\"},\"datePublished\":\"2024-05-04T14:34:19+00:00\",\"dateModified\":\"2024-05-04T14:37:28+00:00\",\"breadcrumb\":{\"@id\":\"https:\\\/\\\/goodchiweed.de\\\/anbaucontainerberatung\\\/#breadcrumb\"},\"inLanguage\":\"en-US\",\"potentialAction\":[{\"@type\":\"ReadAction\",\"target\":[\"https:\\\/\\\/goodchiweed.de\\\/anbaucontainerberatung\\\/\"]}]},{\"@type\":\"BreadcrumbList\",\"@id\":\"https:\\\/\\\/goodchiweed.de\\\/anbaucontainerberatung\\\/#breadcrumb\",\"itemListElement\":[{\"@type\":\"ListItem\",\"position\":1,\"name\":\"Startseite\",\"item\":\"https:\\\/\\\/goodchiweed.de\\\/\"},{\"@type\":\"ListItem\",\"position\":2,\"name\":\"AnbaucontainerBeratung\"}]},{\"@type\":\"WebSite\",\"@id\":\"https:\\\/\\\/goodchiweed.de\\\/#website\",\"url\":\"https:\\\/\\\/goodchiweed.de\\\/\",\"name\":\"Goodchi Weed\",\"description\":\"\",\"publisher\":{\"@id\":\"https:\\\/\\\/goodchiweed.de\\\/#organization\"},\"potentialAction\":[{\"@type\":\"SearchAction\",\"target\":{\"@type\":\"EntryPoint\",\"urlTemplate\":\"https:\\\/\\\/goodchiweed.de\\\/?s={search_term_string}\"},\"query-input\":{\"@type\":\"PropertyValueSpecification\",\"valueRequired\":true,\"valueName\":\"search_term_string\"}}],\"inLanguage\":\"en-US\"},{\"@type\":\"Organization\",\"@id\":\"https:\\\/\\\/goodchiweed.de\\\/#organization\",\"name\":\"Goodchi Weed\",\"url\":\"https:\\\/\\\/goodchiweed.de\\\/\",\"logo\":{\"@type\":\"ImageObject\",\"inLanguage\":\"en-US\",\"@id\":\"https:\\\/\\\/goodchiweed.de\\\/#\\\/schema\\\/logo\\\/image\\\/\",\"url\":\"https:\\\/\\\/goodchiweed.de\\\/wp-content\\\/uploads\\\/2024\\\/05\\\/1.Goodchi-Weed_PNG.png\",\"contentUrl\":\"https:\\\/\\\/goodchiweed.de\\\/wp-content\\\/uploads\\\/2024\\\/05\\\/1.Goodchi-Weed_PNG.png\",\"width\":3000,\"height\":3000,\"caption\":\"Goodchi Weed\"},\"image\":{\"@id\":\"https:\\\/\\\/goodchiweed.de\\\/#\\\/schema\\\/logo\\\/image\\\/\"}}]}<\/script>\n<!-- \/ Yoast SEO plugin. -->","yoast_head_json":{"title":"AnbaucontainerBeratung - Goodchi Weed","robots":{"index":"index","follow":"follow","max-snippet":"max-snippet:-1","max-image-preview":"max-image-preview:large","max-video-preview":"max-video-preview:-1"},"canonical":"https:\/\/goodchiweed.de\/en\/anbaucontainerberatung\/","og_locale":"en_US","og_type":"article","og_title":"AnbaucontainerBeratung - Goodchi Weed","og_description":"Beratung f\u00fcr Ihre Anbaucontainer Bei\u00a0GoodChi Weed\u00a0\u00fcbernehmen wir die\u00a0komplette Planung und Einrichtung von Anbaucontainern\u00a0f\u00fcr Ihren Cannabis Social Club. Sie k\u00f6nnen sich entspannt zur\u00fccklehnen, w\u00e4hrend wir folgende Schritte f\u00fcr Sie erledigen: Planungsaufwand: Rechtliche Pr\u00fcfung: Wir stellen sicher, dass der Anbau im Einklang mit lokalen Gesetzen und Vorschriften steht. Standortwahl: Wir w\u00e4hlen einen geeigneten Ort f\u00fcr den Container [&hellip;]","og_url":"https:\/\/goodchiweed.de\/en\/anbaucontainerberatung\/","og_site_name":"Goodchi Weed","article_modified_time":"2024-05-04T14:37:28+00:00","twitter_card":"summary_large_image","twitter_misc":{"Est. reading time":"1 minute"},"schema":{"@context":"https:\/\/schema.org","@graph":[{"@type":"WebPage","@id":"https:\/\/goodchiweed.de\/anbaucontainerberatung\/","url":"https:\/\/goodchiweed.de\/anbaucontainerberatung\/","name":"AnbaucontainerBeratung - Goodchi Weed","isPartOf":{"@id":"https:\/\/goodchiweed.de\/#website"},"datePublished":"2024-05-04T14:34:19+00:00","dateModified":"2024-05-04T14:37:28+00:00","breadcrumb":{"@id":"https:\/\/goodchiweed.de\/anbaucontainerberatung\/#breadcrumb"},"inLanguage":"en-US","potentialAction":[{"@type":"ReadAction","target":["https:\/\/goodchiweed.de\/anbaucontainerberatung\/"]}]},{"@type":"BreadcrumbList","@id":"https:\/\/goodchiweed.de\/anbaucontainerberatung\/#breadcrumb","itemListElement":[{"@type":"ListItem","position":1,"name":"Startseite","item":"https:\/\/goodchiweed.de\/"},{"@type":"ListItem","position":2,"name":"AnbaucontainerBeratung"}]},{"@type":"WebSite","@id":"https:\/\/goodchiweed.de\/#website","url":"https:\/\/goodchiweed.de\/","name":"Goodchi Weed","description":"","publisher":{"@id":"https:\/\/goodchiweed.de\/#organization"},"potentialAction":[{"@type":"SearchAction","target":{"@type":"EntryPoint","urlTemplate":"https:\/\/goodchiweed.de\/?s={search_term_string}"},"query-input":{"@type":"PropertyValueSpecification","valueRequired":true,"valueName":"search_term_string"}}],"inLanguage":"en-US"},{"@type":"Organization","@id":"https:\/\/goodchiweed.de\/#organization","name":"Goodchi Weed","url":"https:\/\/goodchiweed.de\/","logo":{"@type":"ImageObject","inLanguage":"en-US","@id":"https:\/\/goodchiweed.de\/#\/schema\/logo\/image\/","url":"https:\/\/goodchiweed.de\/wp-content\/uploads\/2024\/05\/1.Goodchi-Weed_PNG.png","contentUrl":"https:\/\/goodchiweed.de\/wp-content\/uploads\/2024\/05\/1.Goodchi-Weed_PNG.png","width":3000,"height":3000,"caption":"Goodchi Weed"},"image":{"@id":"https:\/\/goodchiweed.de\/#\/schema\/logo\/image\/"}}]}},"_links":{"self":[{"href":"https:\/\/goodchiweed.de\/en\/wp-json\/wp\/v2\/pages\/1874","targetHints":{"allow":["GET"]}}],"collection":[{"href":"https:\/\/goodchiweed.de\/en\/wp-json\/wp\/v2\/pages"}],"about":[{"href":"https:\/\/goodchiweed.de\/en\/wp-json\/wp\/v2\/types\/page"}],"author":[{"embeddable":true,"href":"https:\/\/goodchiweed.de\/en\/wp-json\/wp\/v2\/users\/1"}],"replies":[{"embeddable":true,"href":"https:\/\/goodchiweed.de\/en\/wp-json\/wp\/v2\/comments?post=1874"}],"version-history":[{"count":4,"href":"https:\/\/goodchiweed.de\/en\/wp-json\/wp\/v2\/pages\/1874\/revisions"}],"predecessor-version":[{"id":1879,"href":"https:\/\/goodchiweed.de\/en\/wp-json\/wp\/v2\/pages\/1874\/revisions\/1879"}],"wp:attachment":[{"href":"https:\/\/goodchiweed.de\/en\/wp-json\/wp\/v2\/media?parent=1874"}],"curies":[{"name":"wp","href":"https:\/\/api.w.org\/{rel}","templated":true}]}}