{"id":1862,"date":"2024-05-04T16:31:43","date_gmt":"2024-05-04T14:31:43","guid":{"rendered":"https:\/\/goodchiweed.de\/?page_id=1862"},"modified":"2024-05-04T16:33:01","modified_gmt":"2024-05-04T14:33:01","slug":"anbaucontainer","status":"publish","type":"page","link":"https:\/\/goodchiweed.de\/en\/anbaucontainer\/","title":{"rendered":"Anbaucontainer"},"content":{"rendered":"<div data-elementor-type=\"wp-page\" data-elementor-id=\"1862\" class=\"elementor elementor-1862\">\n\t\t\t\t<div class=\"elementor-element elementor-element-0179be6 e-flex e-con-boxed e-con e-parent\" data-id=\"0179be6\" data-element_type=\"container\" data-e-type=\"container\">\n\t\t\t\t\t<div class=\"e-con-inner\">\n\t\t\t\t<div class=\"elementor-element elementor-element-b451b30 elementor-widget elementor-widget-spacer\" data-id=\"b451b30\" data-element_type=\"widget\" data-e-type=\"widget\" data-widget_type=\"spacer.default\">\n\t\t\t\t<div class=\"elementor-widget-container\">\n\t\t\t\t\t\t\t<div class=\"elementor-spacer\">\n\t\t\t<div class=\"elementor-spacer-inner\"><\/div>\n\t\t<\/div>\n\t\t\t\t\t\t<\/div>\n\t\t\t\t<\/div>\n\t\t<div class=\"elementor-element elementor-element-b884ac1 e-flex e-con-boxed e-con e-child\" data-id=\"b884ac1\" data-element_type=\"container\" data-e-type=\"container\">\n\t\t\t\t\t<div class=\"e-con-inner\">\n\t\t\t\t<div class=\"elementor-element elementor-element-939dfb3 elementor-widget elementor-widget-heading\" data-id=\"939dfb3\" data-element_type=\"widget\" data-e-type=\"widget\" data-widget_type=\"heading.default\">\n\t\t\t\t<div class=\"elementor-widget-container\">\n\t\t\t\t\t<h2 class=\"elementor-heading-title elementor-size-default\">Die Anbaucontainer von GoodChi Weed<\/h2>\t\t\t\t<\/div>\n\t\t\t\t<\/div>\n\t\t<div class=\"elementor-element elementor-element-babe472 e-flex e-con-boxed e-con e-child\" data-id=\"babe472\" data-element_type=\"container\" data-e-type=\"container\">\n\t\t\t\t\t<div class=\"e-con-inner\">\n\t\t\t\t<div class=\"elementor-element elementor-element-bcaf6f2 elementor-widget elementor-widget-text-editor\" data-id=\"bcaf6f2\" data-element_type=\"widget\" data-e-type=\"widget\" data-widget_type=\"text-editor.default\">\n\t\t\t\t<div class=\"elementor-widget-container\">\n\t\t\t\t\t\t\t\t\t<div class=\"content\" tabindex=\"0\" aria-description=\"\" aria-label=\"Gesendet von Copilot: Nat\u00fcrlich! Hier ist eine umformulierte Version des Textes:---# Anbau-Container von GoodChi Weed: Einfach und EffizientDie Planung und Einrichtung eines Containers f\u00fcr den Cannabisanbau in einem Cannabis Social Club kann komplex sein und erfordert sorgf\u00e4ltige \u00dcberlegungen. Doch mit den fertigen Anbaucontainern von GoodChi Weed wird dieser Prozess einfach und effizient:## Planungsaufwand:- **Rechtliche Pr\u00fcfung**: Wir stellen sicher, dass der Anbau im Einklang mit lokalen Gesetzen und Vorschriften steht.- **Standortwahl**: Wir w\u00e4hlen einen geeigneten Ort f\u00fcr den Container aus, der Zugang zu Strom, Wasser und eventuell auch Sonnenlicht bietet.- **Design und Layout**: Wir erstellen ein effizientes Layout f\u00fcr den Innenraum des Containers, um optimale Wachstumsbedingungen zu gew\u00e4hrleisten.## Einrichtungsaufwand:- **Klimakontrolle**: Wir installieren Bel\u00fcftungs-, Heizungs- und K\u00fchlsysteme, um Temperatur und Luftfeuchtigkeit zu regulieren.- **Beleuchtung**: Wir bauen spezielle Grow-Lampen ein, die das Sonnenlicht simulieren und f\u00fcr die Pflanzen essentiell sind.- **Bew\u00e4sserungssystem**: Wir richten ein automatisiertes Bew\u00e4sserungssystem ein, das die Pflanzen regelm\u00e4\u00dfig mit Wasser und N\u00e4hrstoffen versorgt.- **Sicherheitsma\u00dfnahmen**: Wir implementieren Sicherheitssysteme zum Schutz vor unbefugtem Zugriff und zur \u00dcberwachung der Anlage.Mit den fertigen Anbaucontainern von GoodChi Weed k\u00f6nnen Sie sich auf einen einfachen und effizienten Cannabisanbau verlassen. Kontaktieren Sie uns \u2013 wir freuen uns darauf, Sie zu unterst\u00fctzen! \ud83c\udf3f*Hinweis: Die oben genannten Informationen dienen nur zu Informationszwecken und ersetzen keine professionelle rechtliche Beratung.*\"><div class=\"ac-container ac-adaptiveCard\"><div class=\"ac-textBlock\"><p>\u00a0<\/p><hr \/><h1>Anbau-Container von GoodChi Weed: Einfach und Effizient<\/h1><p>Die Planung und Einrichtung eines Containers f\u00fcr den Cannabisanbau in einem Cannabis Social Club kann komplex sein und erfordert sorgf\u00e4ltige \u00dcberlegungen. Doch mit den fertigen Anbaucontainern von GoodChi Weed wird dieser Prozess einfach und effizient:<\/p><h2>Planungsaufwand:<\/h2><ul><li><strong>Rechtliche Pr\u00fcfung<\/strong>: Wir stellen sicher, dass der Anbau im Einklang mit lokalen Gesetzen und Vorschriften steht.<\/li><li><strong>Standortwahl<\/strong>: Wir w\u00e4hlen einen geeigneten Ort f\u00fcr den Container aus, der Zugang zu Strom, Wasser und eventuell auch Sonnenlicht bietet.<\/li><li><strong>Design und Layout<\/strong>: Wir erstellen ein effizientes Layout f\u00fcr den Innenraum des Containers, um optimale Wachstumsbedingungen zu gew\u00e4hrleisten.<\/li><\/ul><h2>Einrichtungsaufwand:<\/h2><ul><li><strong>Klimakontrolle<\/strong>: Wir installieren Bel\u00fcftungs-, Heizungs- und K\u00fchlsysteme, um Temperatur und Luftfeuchtigkeit zu regulieren.<\/li><li><strong>Beleuchtung<\/strong>: Wir bauen spezielle Grow-Lampen ein, die das Sonnenlicht simulieren und f\u00fcr die Pflanzen essentiell sind.<\/li><li><strong>Bew\u00e4sserungssystem<\/strong>: Wir richten ein automatisiertes Bew\u00e4sserungssystem ein, das die Pflanzen regelm\u00e4\u00dfig mit Wasser und N\u00e4hrstoffen versorgt.<\/li><li><strong>Sicherheitsma\u00dfnahmen<\/strong>: Wir implementieren Sicherheitssysteme zum Schutz vor unbefugtem Zugriff und zur \u00dcberwachung der Anlage.<\/li><\/ul><p>Mit den fertigen Anbaucontainern von GoodChi Weed k\u00f6nnen Sie sich auf einen einfachen und effizienten Cannabisanbau verlassen. Kontaktieren Sie uns \u2013 wir freuen uns darauf, Sie zu unterst\u00fctzen!<\/p><p>\u00a0<\/p><\/div><\/div><\/div>\t\t\t\t\t\t\t\t<\/div>\n\t\t\t\t<\/div>\n\t\t\t\t\t<\/div>\n\t\t\t\t<\/div>\n\t\t\t\t\t<\/div>\n\t\t\t\t<\/div>\n\t\t\t\t\t<\/div>\n\t\t\t\t<\/div>\n\t\t\t\t<\/div>","protected":false},"excerpt":{"rendered":"<p>Die Anbaucontainer von GoodChi Weed \u00a0 Anbau-Container von GoodChi Weed: Einfach und Effizient Die Planung und Einrichtung eines Containers f\u00fcr den Cannabisanbau in einem Cannabis Social Club kann komplex sein und erfordert sorgf\u00e4ltige \u00dcberlegungen. Doch mit den fertigen Anbaucontainern von GoodChi Weed wird dieser Prozess einfach und effizient: Planungsaufwand: Rechtliche Pr\u00fcfung: Wir stellen sicher, dass [&hellip;]<\/p>\n","protected":false},"author":1,"featured_media":0,"parent":0,"menu_order":0,"comment_status":"closed","ping_status":"closed","template":"","meta":{"content-type":"","footnotes":""},"class_list":["post-1862","page","type-page","status-publish","hentry"],"blocksy_meta":[],"featured_image_urls_v2":{"full":"","thumbnail":"","medium":"","medium_large":"","large":"","1536x1536":"","2048x2048":"","trp-custom-language-flag":""},"post_excerpt_stackable_v2":"<p>Die Anbaucontainer von GoodChi Weed \u00a0Anbau-Container von GoodChi Weed: Einfach und EffizientDie Planung und Einrichtung eines Containers f\u00fcr den Cannabisanbau in einem Cannabis Social Club kann komplex sein und erfordert sorgf\u00e4ltige \u00dcberlegungen. Doch mit den fertigen Anbaucontainern von GoodChi Weed wird dieser Prozess einfach und effizient:Planungsaufwand:Rechtliche Pr\u00fcfung: Wir stellen sicher, dass der Anbau im Einklang mit lokalen Gesetzen und Vorschriften steht.Standortwahl: Wir w\u00e4hlen einen geeigneten Ort f\u00fcr den Container aus, der Zugang zu Strom, Wasser und eventuell auch Sonnenlicht bietet.Design und Layout: Wir erstellen ein effizientes Layout f\u00fcr den Innenraum des Containers, um optimale Wachstumsbedingungen zu gew\u00e4hrleisten.Einrichtungsaufwand:Klimakontrolle: Wir installieren Bel\u00fcftungs-,&hellip;<\/p>\n","category_list_v2":"","author_info_v2":{"name":"hrabnaz","url":"https:\/\/goodchiweed.de\/en\/author\/hrabnaz\/"},"comments_num_v2":"0 comments","yoast_head":"<!-- This site is optimized with the Yoast SEO plugin v27.5 - https:\/\/yoast.com\/product\/yoast-seo-wordpress\/ -->\n<title>Anbaucontainer - Goodchi Weed<\/title>\n<meta name=\"robots\" content=\"index, follow, max-snippet:-1, max-image-preview:large, max-video-preview:-1\" \/>\n<link rel=\"canonical\" href=\"https:\/\/goodchiweed.de\/en\/anbaucontainer\/\" \/>\n<meta property=\"og:locale\" content=\"en_US\" \/>\n<meta property=\"og:type\" content=\"article\" \/>\n<meta property=\"og:title\" content=\"Anbaucontainer - Goodchi Weed\" \/>\n<meta property=\"og:description\" content=\"Die Anbaucontainer von GoodChi Weed \u00a0 Anbau-Container von GoodChi Weed: Einfach und Effizient Die Planung und Einrichtung eines Containers f\u00fcr den Cannabisanbau in einem Cannabis Social Club kann komplex sein und erfordert sorgf\u00e4ltige \u00dcberlegungen. Doch mit den fertigen Anbaucontainern von GoodChi Weed wird dieser Prozess einfach und effizient: Planungsaufwand: Rechtliche Pr\u00fcfung: Wir stellen sicher, dass [&hellip;]\" \/>\n<meta property=\"og:url\" content=\"https:\/\/goodchiweed.de\/en\/anbaucontainer\/\" \/>\n<meta property=\"og:site_name\" content=\"Goodchi Weed\" \/>\n<meta property=\"article:modified_time\" content=\"2024-05-04T14:33:01+00:00\" \/>\n<meta name=\"twitter:card\" content=\"summary_large_image\" \/>\n<meta name=\"twitter:label1\" content=\"Est. reading time\" \/>\n\t<meta name=\"twitter:data1\" content=\"1 minute\" \/>\n<script type=\"application\/ld+json\" class=\"yoast-schema-graph\">{\"@context\":\"https:\\\/\\\/schema.org\",\"@graph\":[{\"@type\":\"WebPage\",\"@id\":\"https:\\\/\\\/goodchiweed.de\\\/anbaucontainer\\\/\",\"url\":\"https:\\\/\\\/goodchiweed.de\\\/anbaucontainer\\\/\",\"name\":\"Anbaucontainer - Goodchi Weed\",\"isPartOf\":{\"@id\":\"https:\\\/\\\/goodchiweed.de\\\/#website\"},\"datePublished\":\"2024-05-04T14:31:43+00:00\",\"dateModified\":\"2024-05-04T14:33:01+00:00\",\"breadcrumb\":{\"@id\":\"https:\\\/\\\/goodchiweed.de\\\/anbaucontainer\\\/#breadcrumb\"},\"inLanguage\":\"en-US\",\"potentialAction\":[{\"@type\":\"ReadAction\",\"target\":[\"https:\\\/\\\/goodchiweed.de\\\/anbaucontainer\\\/\"]}]},{\"@type\":\"BreadcrumbList\",\"@id\":\"https:\\\/\\\/goodchiweed.de\\\/anbaucontainer\\\/#breadcrumb\",\"itemListElement\":[{\"@type\":\"ListItem\",\"position\":1,\"name\":\"Startseite\",\"item\":\"https:\\\/\\\/goodchiweed.de\\\/\"},{\"@type\":\"ListItem\",\"position\":2,\"name\":\"Anbaucontainer\"}]},{\"@type\":\"WebSite\",\"@id\":\"https:\\\/\\\/goodchiweed.de\\\/#website\",\"url\":\"https:\\\/\\\/goodchiweed.de\\\/\",\"name\":\"Goodchi Weed\",\"description\":\"\",\"publisher\":{\"@id\":\"https:\\\/\\\/goodchiweed.de\\\/#organization\"},\"potentialAction\":[{\"@type\":\"SearchAction\",\"target\":{\"@type\":\"EntryPoint\",\"urlTemplate\":\"https:\\\/\\\/goodchiweed.de\\\/?s={search_term_string}\"},\"query-input\":{\"@type\":\"PropertyValueSpecification\",\"valueRequired\":true,\"valueName\":\"search_term_string\"}}],\"inLanguage\":\"en-US\"},{\"@type\":\"Organization\",\"@id\":\"https:\\\/\\\/goodchiweed.de\\\/#organization\",\"name\":\"Goodchi Weed\",\"url\":\"https:\\\/\\\/goodchiweed.de\\\/\",\"logo\":{\"@type\":\"ImageObject\",\"inLanguage\":\"en-US\",\"@id\":\"https:\\\/\\\/goodchiweed.de\\\/#\\\/schema\\\/logo\\\/image\\\/\",\"url\":\"https:\\\/\\\/goodchiweed.de\\\/wp-content\\\/uploads\\\/2024\\\/05\\\/1.Goodchi-Weed_PNG.png\",\"contentUrl\":\"https:\\\/\\\/goodchiweed.de\\\/wp-content\\\/uploads\\\/2024\\\/05\\\/1.Goodchi-Weed_PNG.png\",\"width\":3000,\"height\":3000,\"caption\":\"Goodchi Weed\"},\"image\":{\"@id\":\"https:\\\/\\\/goodchiweed.de\\\/#\\\/schema\\\/logo\\\/image\\\/\"}}]}<\/script>\n<!-- \/ Yoast SEO plugin. -->","yoast_head_json":{"title":"Anbaucontainer - Goodchi Weed","robots":{"index":"index","follow":"follow","max-snippet":"max-snippet:-1","max-image-preview":"max-image-preview:large","max-video-preview":"max-video-preview:-1"},"canonical":"https:\/\/goodchiweed.de\/en\/anbaucontainer\/","og_locale":"en_US","og_type":"article","og_title":"Anbaucontainer - Goodchi Weed","og_description":"Die Anbaucontainer von GoodChi Weed \u00a0 Anbau-Container von GoodChi Weed: Einfach und Effizient Die Planung und Einrichtung eines Containers f\u00fcr den Cannabisanbau in einem Cannabis Social Club kann komplex sein und erfordert sorgf\u00e4ltige \u00dcberlegungen. Doch mit den fertigen Anbaucontainern von GoodChi Weed wird dieser Prozess einfach und effizient: Planungsaufwand: Rechtliche Pr\u00fcfung: Wir stellen sicher, dass [&hellip;]","og_url":"https:\/\/goodchiweed.de\/en\/anbaucontainer\/","og_site_name":"Goodchi Weed","article_modified_time":"2024-05-04T14:33:01+00:00","twitter_card":"summary_large_image","twitter_misc":{"Est. reading time":"1 minute"},"schema":{"@context":"https:\/\/schema.org","@graph":[{"@type":"WebPage","@id":"https:\/\/goodchiweed.de\/anbaucontainer\/","url":"https:\/\/goodchiweed.de\/anbaucontainer\/","name":"Anbaucontainer - Goodchi Weed","isPartOf":{"@id":"https:\/\/goodchiweed.de\/#website"},"datePublished":"2024-05-04T14:31:43+00:00","dateModified":"2024-05-04T14:33:01+00:00","breadcrumb":{"@id":"https:\/\/goodchiweed.de\/anbaucontainer\/#breadcrumb"},"inLanguage":"en-US","potentialAction":[{"@type":"ReadAction","target":["https:\/\/goodchiweed.de\/anbaucontainer\/"]}]},{"@type":"BreadcrumbList","@id":"https:\/\/goodchiweed.de\/anbaucontainer\/#breadcrumb","itemListElement":[{"@type":"ListItem","position":1,"name":"Startseite","item":"https:\/\/goodchiweed.de\/"},{"@type":"ListItem","position":2,"name":"Anbaucontainer"}]},{"@type":"WebSite","@id":"https:\/\/goodchiweed.de\/#website","url":"https:\/\/goodchiweed.de\/","name":"Goodchi Weed","description":"","publisher":{"@id":"https:\/\/goodchiweed.de\/#organization"},"potentialAction":[{"@type":"SearchAction","target":{"@type":"EntryPoint","urlTemplate":"https:\/\/goodchiweed.de\/?s={search_term_string}"},"query-input":{"@type":"PropertyValueSpecification","valueRequired":true,"valueName":"search_term_string"}}],"inLanguage":"en-US"},{"@type":"Organization","@id":"https:\/\/goodchiweed.de\/#organization","name":"Goodchi Weed","url":"https:\/\/goodchiweed.de\/","logo":{"@type":"ImageObject","inLanguage":"en-US","@id":"https:\/\/goodchiweed.de\/#\/schema\/logo\/image\/","url":"https:\/\/goodchiweed.de\/wp-content\/uploads\/2024\/05\/1.Goodchi-Weed_PNG.png","contentUrl":"https:\/\/goodchiweed.de\/wp-content\/uploads\/2024\/05\/1.Goodchi-Weed_PNG.png","width":3000,"height":3000,"caption":"Goodchi Weed"},"image":{"@id":"https:\/\/goodchiweed.de\/#\/schema\/logo\/image\/"}}]}},"_links":{"self":[{"href":"https:\/\/goodchiweed.de\/en\/wp-json\/wp\/v2\/pages\/1862","targetHints":{"allow":["GET"]}}],"collection":[{"href":"https:\/\/goodchiweed.de\/en\/wp-json\/wp\/v2\/pages"}],"about":[{"href":"https:\/\/goodchiweed.de\/en\/wp-json\/wp\/v2\/types\/page"}],"author":[{"embeddable":true,"href":"https:\/\/goodchiweed.de\/en\/wp-json\/wp\/v2\/users\/1"}],"replies":[{"embeddable":true,"href":"https:\/\/goodchiweed.de\/en\/wp-json\/wp\/v2\/comments?post=1862"}],"version-history":[{"count":4,"href":"https:\/\/goodchiweed.de\/en\/wp-json\/wp\/v2\/pages\/1862\/revisions"}],"predecessor-version":[{"id":1867,"href":"https:\/\/goodchiweed.de\/en\/wp-json\/wp\/v2\/pages\/1862\/revisions\/1867"}],"wp:attachment":[{"href":"https:\/\/goodchiweed.de\/en\/wp-json\/wp\/v2\/media?parent=1862"}],"curies":[{"name":"wp","href":"https:\/\/api.w.org\/{rel}","templated":true}]}}