{"id":1853,"date":"2024-05-04T16:28:37","date_gmt":"2024-05-04T14:28:37","guid":{"rendered":"https:\/\/goodchiweed.de\/?page_id=1853"},"modified":"2024-05-04T16:29:36","modified_gmt":"2024-05-04T14:29:36","slug":"auftritt","status":"publish","type":"page","link":"https:\/\/goodchiweed.de\/en\/auftritt\/","title":{"rendered":"Auftritt"},"content":{"rendered":"\t\t<div data-elementor-type=\"wp-page\" data-elementor-id=\"1853\" class=\"elementor elementor-1853\">\n\t\t\t\t<div class=\"elementor-element elementor-element-4436255 e-flex e-con-boxed e-con e-parent\" data-id=\"4436255\" data-element_type=\"container\" data-e-type=\"container\">\n\t\t\t\t\t<div class=\"e-con-inner\">\n\t\t\t\t<div class=\"elementor-element elementor-element-917fa40 elementor-widget elementor-widget-spacer\" data-id=\"917fa40\" data-element_type=\"widget\" data-e-type=\"widget\" data-widget_type=\"spacer.default\">\n\t\t\t\t<div class=\"elementor-widget-container\">\n\t\t\t\t\t\t\t<div class=\"elementor-spacer\">\n\t\t\t<div class=\"elementor-spacer-inner\"><\/div>\n\t\t<\/div>\n\t\t\t\t\t\t<\/div>\n\t\t\t\t<\/div>\n\t\t<div class=\"elementor-element elementor-element-796c715 e-flex e-con-boxed e-con e-child\" data-id=\"796c715\" data-element_type=\"container\" data-e-type=\"container\">\n\t\t\t\t\t<div class=\"e-con-inner\">\n\t\t\t\t<div class=\"elementor-element elementor-element-ccc64a4 elementor-widget elementor-widget-heading\" data-id=\"ccc64a4\" data-element_type=\"widget\" data-e-type=\"widget\" data-widget_type=\"heading.default\">\n\t\t\t\t<div class=\"elementor-widget-container\">\n\t\t\t\t\t<h2 class=\"elementor-heading-title elementor-size-default\">Webpr\u00e4senz \/ Social Media &amp; Grafikdesign<\/h2>\t\t\t\t<\/div>\n\t\t\t\t<\/div>\n\t\t<div class=\"elementor-element elementor-element-a707ebc e-flex e-con-boxed e-con e-child\" data-id=\"a707ebc\" data-element_type=\"container\" data-e-type=\"container\">\n\t\t\t\t\t<div class=\"e-con-inner\">\n\t\t\t\t\t<\/div>\n\t\t\t\t<\/div>\n\t\t\t\t\t<\/div>\n\t\t\t\t<\/div>\n\t\t\t\t\t<\/div>\n\t\t\t\t<\/div>\n\t\t<div class=\"elementor-element elementor-element-6c2edaa e-flex e-con-boxed e-con e-parent\" data-id=\"6c2edaa\" data-element_type=\"container\" data-e-type=\"container\">\n\t\t\t\t\t<div class=\"e-con-inner\">\n\t\t\t\t<div class=\"elementor-element elementor-element-b0219c8 elementor-widget elementor-widget-text-editor\" data-id=\"b0219c8\" data-element_type=\"widget\" data-e-type=\"widget\" data-widget_type=\"text-editor.default\">\n\t\t\t\t<div class=\"elementor-widget-container\">\n\t\t\t\t\t\t\t\t\t<div class=\"content\" tabindex=\"0\" aria-description=\"\" aria-label=\"Gesendet von Copilot: Nat\u00fcrlich! Bei **GoodChi Weed** \u00fcbernehmen wir nicht nur die Gr\u00fcndung und den Betrieb von Cannabis Social Clubs, sondern bieten auch umfassende Dienstleistungen im Bereich **Webdesign, Hosting, Social Media und Grafikdesign\/Logo**. Hier ist ein Text, den Sie auf Ihrer Webseite verwenden k\u00f6nnen:\n\n---\n\n# Willkommen bei GoodChi Weed: Ihr Partner f\u00fcr Cannabis Social Clubs\n\n## Rechtsicher, Kreativ und Professionell\n\n### Webdesign und Hosting\n\n- **Professionelles Webdesign**: Wir gestalten individuelle Webseiten f\u00fcr Ihren Cannabis Social Club. Unsere Designs sind ansprechend, benutzerfreundlich und DSGVO-konform.\n- **Zuverl\u00e4ssiges Hosting**: Wir k\u00fcmmern uns um die technische Infrastruktur Ihrer Webseite. Unsere Server sind sicher, schnell und bieten eine hohe Verf\u00fcgbarkeit.\n\n### Social Media Management\n\n- **Strategische Planung**: Wir entwickeln ma\u00dfgeschneiderte Social-Media-Strategien f\u00fcr Ihren Club. Welche Plattformen sind relevant? Wie erreichen Sie Ihre Zielgruppe?\n- **Kreative Inhalte**: Unsere Experten erstellen ansprechende Posts, Videos und Stories. Wir setzen auf visuell ansprechende Inhalte, die Ihre Community begeistern.\n- **Rechtssicherheit**: Wir achten darauf, dass alle Social-Media-Aktivit\u00e4ten datenschutzkonform sind. Von der Datenschutzerkl\u00e4rung bis zur Einwilligung f\u00fcr Tracking-Ma\u00dfnahmen \u2013 wir haben alles im Blick.\n\n### Grafikdesign und Logo\n\n- **Individuelles Logo**: Wir gestalten ein einzigartiges Logo f\u00fcr Ihren Cannabis Social Club. Es repr\u00e4sentiert Ihre Marke und vermittelt Ihre Botschaft.\n- **Grafikdesign**: Ob Flyer, Poster oder Social-Media-Grafiken \u2013 wir sorgen f\u00fcr ein einheitliches und professionelles Erscheinungsbild.\n\nIhr Cannabis Social Club wird dank unserer Unterst\u00fctzung nicht nur rechtssicher, sondern auch kreativ und professionell auftreten. Kontaktieren Sie uns \u2013 wir freuen uns darauf, Sie zu unterst\u00fctzen! \ud83c\udf3f\n\n*Hinweis: Die oben genannten Informationen dienen nur zu Informationszwecken und ersetzen keine professionelle rechtliche Beratung.*\n\n[^1^]: [Webhosting: Rechtliche Aspekte und Vertragsgestaltung](https:\/\/kanzlei-herfurtner.de\/webhosting\/)\n[^2^]: [DSGVO-konformes Webhosting: Das m\u00fcssen Sie beachten](https:\/\/webhosting-verstehen.de\/dsgvo-konformes-webhosting-das-muessen-sie-beachten\/)\n[^3^]: [Checkliste Website rechtssicher machen: 15 Tipps f\u00fcr den sorgenfreien ...](https:\/\/www.united-domains.de\/blog\/checkliste-website-rechtssicher-machen-15-tipps\/)\n[^4^]: [Rechtssicher auf Social Media](https:\/\/socialmedia-rechtssicher.de\/)\n[^5^]: [Website rechtssicher erstellen \u2013 so geht's! - Dr. Datenschutz](https:\/\/www.dr-datenschutz.de\/website-rechtssicher-erstellen-so-gehts\/)\"><div class=\"ac-container ac-adaptiveCard\"><div class=\"ac-textBlock\"><p>Bei <strong>GoodChi Weed<\/strong> \u00fcbernehmen wir nicht nur die Gr\u00fcndung und den Betrieb von Cannabis Social Clubs, sondern bieten auch umfassende Dienstleistungen im Bereich <strong>Webdesign, Hosting, Social Media und Grafikdesign\/Logo<\/strong>.\u00a0<\/p><h2>Rechtsicher, Kreativ und Professionell<\/h2><h3>Webdesign und Hosting<\/h3><ul><li><strong>Professionelles Webdesign<\/strong>: Wir gestalten individuelle Webseiten f\u00fcr Ihren Cannabis Social Club. Unsere Designs sind ansprechend, benutzerfreundlich und DSGVO-konform.<\/li><li><strong>Zuverl\u00e4ssiges Hosting<\/strong>: Wir k\u00fcmmern uns um die technische Infrastruktur Ihrer Webseite. Unsere Server sind sicher, schnell und bieten eine hohe Verf\u00fcgbarkeit.<\/li><\/ul><h3>Social Media Management<\/h3><ul><li><strong>Strategische Planung<\/strong>: Wir entwickeln ma\u00dfgeschneiderte Social-Media-Strategien f\u00fcr Ihren Club. Welche Plattformen sind relevant? Wie erreichen Sie Ihre Zielgruppe?<\/li><li><strong>Kreative Inhalte<\/strong>: Unsere Experten erstellen ansprechende Posts, Videos und Stories. Wir setzen auf visuell ansprechende Inhalte, die Ihre Community begeistern.<\/li><li><strong>Rechtssicherheit<\/strong>: Wir achten darauf, dass alle Social-Media-Aktivit\u00e4ten datenschutzkonform sind. Von der Datenschutzerkl\u00e4rung bis zur Einwilligung f\u00fcr Tracking-Ma\u00dfnahmen \u2013 wir haben alles im Blick.<\/li><\/ul><h3>Grafikdesign und Logo<\/h3><ul><li><strong>Individuelles Logo<\/strong>: Wir gestalten ein einzigartiges Logo f\u00fcr Ihren Cannabis Social Club. Es repr\u00e4sentiert Ihre Marke und vermittelt Ihre Botschaft.<\/li><li><strong>Grafikdesign<\/strong>: Ob Flyer, Poster oder Social-Media-Grafiken \u2013 wir sorgen f\u00fcr ein einheitliches und professionelles Erscheinungsbild.<\/li><\/ul><p>Ihr Cannabis Social Club wird dank unserer Unterst\u00fctzung nicht nur rechtssicher, sondern auch kreativ und professionell auftreten. Kontaktieren Sie uns \u2013 wir freuen uns darauf, Sie zu unterst\u00fctzen!<\/p><\/div><div class=\"ac-horizontal-separator\" aria-hidden=\"true\">\u00a0<\/div><\/div><div class=\"ad-container\">\u00a0<\/div><\/div>\t\t\t\t\t\t\t\t<\/div>\n\t\t\t\t<\/div>\n\t\t\t\t\t<\/div>\n\t\t\t\t<\/div>\n\t\t\t\t<\/div>\n\t\t","protected":false},"excerpt":{"rendered":"<p>Webpr\u00e4senz \/ Social Media &amp; Grafikdesign Bei GoodChi Weed \u00fcbernehmen wir nicht nur die Gr\u00fcndung und den Betrieb von Cannabis Social Clubs, sondern bieten auch umfassende Dienstleistungen im Bereich Webdesign, Hosting, Social Media und Grafikdesign\/Logo.\u00a0 Rechtsicher, Kreativ und Professionell Webdesign und Hosting Professionelles Webdesign: Wir gestalten individuelle Webseiten f\u00fcr Ihren Cannabis Social Club. Unsere Designs [&hellip;]<\/p>\n","protected":false},"author":1,"featured_media":0,"parent":0,"menu_order":0,"comment_status":"closed","ping_status":"closed","template":"","meta":{"content-type":"","footnotes":""},"class_list":["post-1853","page","type-page","status-publish","hentry"],"blocksy_meta":[],"featured_image_urls_v2":{"full":"","thumbnail":"","medium":"","medium_large":"","large":"","1536x1536":"","2048x2048":"","trp-custom-language-flag":""},"post_excerpt_stackable_v2":"<p>Webpr\u00e4senz \/ Social Media &amp; Grafikdesign Bei GoodChi Weed \u00fcbernehmen wir nicht nur die Gr\u00fcndung und den Betrieb von Cannabis Social Clubs, sondern bieten auch umfassende Dienstleistungen im Bereich Webdesign, Hosting, Social Media und Grafikdesign\/Logo.\u00a0Rechtsicher, Kreativ und ProfessionellWebdesign und HostingProfessionelles Webdesign: Wir gestalten individuelle Webseiten f\u00fcr Ihren Cannabis Social Club. Unsere Designs sind ansprechend, benutzerfreundlich und DSGVO-konform.Zuverl\u00e4ssiges Hosting: Wir k\u00fcmmern uns um die technische Infrastruktur Ihrer Webseite. Unsere Server sind sicher, schnell und bieten eine hohe Verf\u00fcgbarkeit.Social Media ManagementStrategische Planung: Wir entwickeln ma\u00dfgeschneiderte Social-Media-Strategien f\u00fcr Ihren Club. Welche Plattformen sind relevant? Wie erreichen Sie Ihre Zielgruppe?Kreative Inhalte: Unsere Experten erstellen&hellip;<\/p>\n","category_list_v2":"","author_info_v2":{"name":"hrabnaz","url":"https:\/\/goodchiweed.de\/en\/author\/hrabnaz\/"},"comments_num_v2":"0 comments","yoast_head":"<!-- This site is optimized with the Yoast SEO plugin v27.5 - https:\/\/yoast.com\/product\/yoast-seo-wordpress\/ -->\n<title>Auftritt - Goodchi Weed<\/title>\n<meta name=\"robots\" content=\"index, follow, max-snippet:-1, max-image-preview:large, max-video-preview:-1\" \/>\n<link rel=\"canonical\" href=\"https:\/\/goodchiweed.de\/en\/auftritt\/\" \/>\n<meta property=\"og:locale\" content=\"en_US\" \/>\n<meta property=\"og:type\" content=\"article\" \/>\n<meta property=\"og:title\" content=\"Auftritt - Goodchi Weed\" \/>\n<meta property=\"og:description\" content=\"Webpr\u00e4senz \/ Social Media &amp; Grafikdesign Bei GoodChi Weed \u00fcbernehmen wir nicht nur die Gr\u00fcndung und den Betrieb von Cannabis Social Clubs, sondern bieten auch umfassende Dienstleistungen im Bereich Webdesign, Hosting, Social Media und Grafikdesign\/Logo.\u00a0 Rechtsicher, Kreativ und Professionell Webdesign und Hosting Professionelles Webdesign: Wir gestalten individuelle Webseiten f\u00fcr Ihren Cannabis Social Club. Unsere Designs [&hellip;]\" \/>\n<meta property=\"og:url\" content=\"https:\/\/goodchiweed.de\/en\/auftritt\/\" \/>\n<meta property=\"og:site_name\" content=\"Goodchi Weed\" \/>\n<meta property=\"article:modified_time\" content=\"2024-05-04T14:29:36+00:00\" \/>\n<meta name=\"twitter:card\" content=\"summary_large_image\" \/>\n<meta name=\"twitter:label1\" content=\"Est. reading time\" \/>\n\t<meta name=\"twitter:data1\" content=\"1 minute\" \/>\n<script type=\"application\/ld+json\" class=\"yoast-schema-graph\">{\"@context\":\"https:\\\/\\\/schema.org\",\"@graph\":[{\"@type\":\"WebPage\",\"@id\":\"https:\\\/\\\/goodchiweed.de\\\/auftritt\\\/\",\"url\":\"https:\\\/\\\/goodchiweed.de\\\/auftritt\\\/\",\"name\":\"Auftritt - Goodchi Weed\",\"isPartOf\":{\"@id\":\"https:\\\/\\\/goodchiweed.de\\\/#website\"},\"datePublished\":\"2024-05-04T14:28:37+00:00\",\"dateModified\":\"2024-05-04T14:29:36+00:00\",\"breadcrumb\":{\"@id\":\"https:\\\/\\\/goodchiweed.de\\\/auftritt\\\/#breadcrumb\"},\"inLanguage\":\"en-US\",\"potentialAction\":[{\"@type\":\"ReadAction\",\"target\":[\"https:\\\/\\\/goodchiweed.de\\\/auftritt\\\/\"]}]},{\"@type\":\"BreadcrumbList\",\"@id\":\"https:\\\/\\\/goodchiweed.de\\\/auftritt\\\/#breadcrumb\",\"itemListElement\":[{\"@type\":\"ListItem\",\"position\":1,\"name\":\"Startseite\",\"item\":\"https:\\\/\\\/goodchiweed.de\\\/\"},{\"@type\":\"ListItem\",\"position\":2,\"name\":\"Auftritt\"}]},{\"@type\":\"WebSite\",\"@id\":\"https:\\\/\\\/goodchiweed.de\\\/#website\",\"url\":\"https:\\\/\\\/goodchiweed.de\\\/\",\"name\":\"Goodchi Weed\",\"description\":\"\",\"publisher\":{\"@id\":\"https:\\\/\\\/goodchiweed.de\\\/#organization\"},\"potentialAction\":[{\"@type\":\"SearchAction\",\"target\":{\"@type\":\"EntryPoint\",\"urlTemplate\":\"https:\\\/\\\/goodchiweed.de\\\/?s={search_term_string}\"},\"query-input\":{\"@type\":\"PropertyValueSpecification\",\"valueRequired\":true,\"valueName\":\"search_term_string\"}}],\"inLanguage\":\"en-US\"},{\"@type\":\"Organization\",\"@id\":\"https:\\\/\\\/goodchiweed.de\\\/#organization\",\"name\":\"Goodchi Weed\",\"url\":\"https:\\\/\\\/goodchiweed.de\\\/\",\"logo\":{\"@type\":\"ImageObject\",\"inLanguage\":\"en-US\",\"@id\":\"https:\\\/\\\/goodchiweed.de\\\/#\\\/schema\\\/logo\\\/image\\\/\",\"url\":\"https:\\\/\\\/goodchiweed.de\\\/wp-content\\\/uploads\\\/2024\\\/05\\\/1.Goodchi-Weed_PNG.png\",\"contentUrl\":\"https:\\\/\\\/goodchiweed.de\\\/wp-content\\\/uploads\\\/2024\\\/05\\\/1.Goodchi-Weed_PNG.png\",\"width\":3000,\"height\":3000,\"caption\":\"Goodchi Weed\"},\"image\":{\"@id\":\"https:\\\/\\\/goodchiweed.de\\\/#\\\/schema\\\/logo\\\/image\\\/\"}}]}<\/script>\n<!-- \/ Yoast SEO plugin. -->","yoast_head_json":{"title":"Auftritt - Goodchi Weed","robots":{"index":"index","follow":"follow","max-snippet":"max-snippet:-1","max-image-preview":"max-image-preview:large","max-video-preview":"max-video-preview:-1"},"canonical":"https:\/\/goodchiweed.de\/en\/auftritt\/","og_locale":"en_US","og_type":"article","og_title":"Auftritt - Goodchi Weed","og_description":"Webpr\u00e4senz \/ Social Media &amp; Grafikdesign Bei GoodChi Weed \u00fcbernehmen wir nicht nur die Gr\u00fcndung und den Betrieb von Cannabis Social Clubs, sondern bieten auch umfassende Dienstleistungen im Bereich Webdesign, Hosting, Social Media und Grafikdesign\/Logo.\u00a0 Rechtsicher, Kreativ und Professionell Webdesign und Hosting Professionelles Webdesign: Wir gestalten individuelle Webseiten f\u00fcr Ihren Cannabis Social Club. Unsere Designs [&hellip;]","og_url":"https:\/\/goodchiweed.de\/en\/auftritt\/","og_site_name":"Goodchi Weed","article_modified_time":"2024-05-04T14:29:36+00:00","twitter_card":"summary_large_image","twitter_misc":{"Est. reading time":"1 minute"},"schema":{"@context":"https:\/\/schema.org","@graph":[{"@type":"WebPage","@id":"https:\/\/goodchiweed.de\/auftritt\/","url":"https:\/\/goodchiweed.de\/auftritt\/","name":"Auftritt - Goodchi Weed","isPartOf":{"@id":"https:\/\/goodchiweed.de\/#website"},"datePublished":"2024-05-04T14:28:37+00:00","dateModified":"2024-05-04T14:29:36+00:00","breadcrumb":{"@id":"https:\/\/goodchiweed.de\/auftritt\/#breadcrumb"},"inLanguage":"en-US","potentialAction":[{"@type":"ReadAction","target":["https:\/\/goodchiweed.de\/auftritt\/"]}]},{"@type":"BreadcrumbList","@id":"https:\/\/goodchiweed.de\/auftritt\/#breadcrumb","itemListElement":[{"@type":"ListItem","position":1,"name":"Startseite","item":"https:\/\/goodchiweed.de\/"},{"@type":"ListItem","position":2,"name":"Auftritt"}]},{"@type":"WebSite","@id":"https:\/\/goodchiweed.de\/#website","url":"https:\/\/goodchiweed.de\/","name":"Goodchi Weed","description":"","publisher":{"@id":"https:\/\/goodchiweed.de\/#organization"},"potentialAction":[{"@type":"SearchAction","target":{"@type":"EntryPoint","urlTemplate":"https:\/\/goodchiweed.de\/?s={search_term_string}"},"query-input":{"@type":"PropertyValueSpecification","valueRequired":true,"valueName":"search_term_string"}}],"inLanguage":"en-US"},{"@type":"Organization","@id":"https:\/\/goodchiweed.de\/#organization","name":"Goodchi Weed","url":"https:\/\/goodchiweed.de\/","logo":{"@type":"ImageObject","inLanguage":"en-US","@id":"https:\/\/goodchiweed.de\/#\/schema\/logo\/image\/","url":"https:\/\/goodchiweed.de\/wp-content\/uploads\/2024\/05\/1.Goodchi-Weed_PNG.png","contentUrl":"https:\/\/goodchiweed.de\/wp-content\/uploads\/2024\/05\/1.Goodchi-Weed_PNG.png","width":3000,"height":3000,"caption":"Goodchi Weed"},"image":{"@id":"https:\/\/goodchiweed.de\/#\/schema\/logo\/image\/"}}]}},"_links":{"self":[{"href":"https:\/\/goodchiweed.de\/en\/wp-json\/wp\/v2\/pages\/1853","targetHints":{"allow":["GET"]}}],"collection":[{"href":"https:\/\/goodchiweed.de\/en\/wp-json\/wp\/v2\/pages"}],"about":[{"href":"https:\/\/goodchiweed.de\/en\/wp-json\/wp\/v2\/types\/page"}],"author":[{"embeddable":true,"href":"https:\/\/goodchiweed.de\/en\/wp-json\/wp\/v2\/users\/1"}],"replies":[{"embeddable":true,"href":"https:\/\/goodchiweed.de\/en\/wp-json\/wp\/v2\/comments?post=1853"}],"version-history":[{"count":4,"href":"https:\/\/goodchiweed.de\/en\/wp-json\/wp\/v2\/pages\/1853\/revisions"}],"predecessor-version":[{"id":1858,"href":"https:\/\/goodchiweed.de\/en\/wp-json\/wp\/v2\/pages\/1853\/revisions\/1858"}],"wp:attachment":[{"href":"https:\/\/goodchiweed.de\/en\/wp-json\/wp\/v2\/media?parent=1853"}],"curies":[{"name":"wp","href":"https:\/\/api.w.org\/{rel}","templated":true}]}}