{"id":1844,"date":"2024-05-04T16:22:44","date_gmt":"2024-05-04T14:22:44","guid":{"rendered":"https:\/\/goodchiweed.de\/?page_id=1844"},"modified":"2024-05-04T16:23:39","modified_gmt":"2024-05-04T14:23:39","slug":"standortsuche","status":"publish","type":"page","link":"https:\/\/goodchiweed.de\/en\/standortsuche\/","title":{"rendered":"Standortsuche"},"content":{"rendered":"<div data-elementor-type=\"wp-page\" data-elementor-id=\"1844\" class=\"elementor elementor-1844\">\n\t\t\t\t<div class=\"elementor-element elementor-element-e8e4f28 e-flex e-con-boxed e-con e-parent\" data-id=\"e8e4f28\" data-element_type=\"container\" data-e-type=\"container\">\n\t\t\t\t\t<div class=\"e-con-inner\">\n\t\t\t\t<div class=\"elementor-element elementor-element-9612437 elementor-widget elementor-widget-spacer\" data-id=\"9612437\" data-element_type=\"widget\" data-e-type=\"widget\" data-widget_type=\"spacer.default\">\n\t\t\t\t<div class=\"elementor-widget-container\">\n\t\t\t\t\t\t\t<div class=\"elementor-spacer\">\n\t\t\t<div class=\"elementor-spacer-inner\"><\/div>\n\t\t<\/div>\n\t\t\t\t\t\t<\/div>\n\t\t\t\t<\/div>\n\t\t<div class=\"elementor-element elementor-element-dbec074 e-flex e-con-boxed e-con e-child\" data-id=\"dbec074\" data-element_type=\"container\" data-e-type=\"container\">\n\t\t\t\t\t<div class=\"e-con-inner\">\n\t\t\t\t<div class=\"elementor-element elementor-element-adbffbc elementor-widget elementor-widget-heading\" data-id=\"adbffbc\" data-element_type=\"widget\" data-e-type=\"widget\" data-widget_type=\"heading.default\">\n\t\t\t\t<div class=\"elementor-widget-container\">\n\t\t\t\t\t<h2 class=\"elementor-heading-title elementor-size-default\">Standortsuche<\/h2>\t\t\t\t<\/div>\n\t\t\t\t<\/div>\n\t\t<div class=\"elementor-element elementor-element-63b18a2 e-flex e-con-boxed e-con e-child\" data-id=\"63b18a2\" data-element_type=\"container\" data-e-type=\"container\">\n\t\t\t\t\t<div class=\"e-con-inner\">\n\t\t\t\t<div class=\"elementor-element elementor-element-c9834e0 elementor-widget elementor-widget-text-editor\" data-id=\"c9834e0\" data-element_type=\"widget\" data-e-type=\"widget\" data-widget_type=\"text-editor.default\">\n\t\t\t\t<div class=\"elementor-widget-container\">\n\t\t\t\t\t\t\t\t\t<div class=\"content\" tabindex=\"0\" aria-description=\"\" aria-label=\"Gesendet von Copilot: Nat\u00fcrlich! Bei **GoodChi Weed** \u00fcbernehmen wir die **komplette Standortsuche und alle vertragsrechtlichen Angelegenheiten** f\u00fcr Ihren Cannabis Social Club. Sie k\u00f6nnen sich entspannt zur\u00fccklehnen, w\u00e4hrend wir folgende Schritte f\u00fcr Sie erledigen:1. **Standortsuche**:   - Wir recherchieren und identifizieren potenzielle Standorte f\u00fcr Ihren CSC.   - Dabei ber\u00fccksichtigen wir Faktoren wie Zug\u00e4nglichkeit, lokale Gesetze und die N\u00e4he zu potenziellen Mitgliedern.2. **Verhandlungen mit Vermietern**:   - Wir treten in Kontakt mit Vermietern und Eigent\u00fcmern potenzieller Standorte.   - Unser Team kl\u00e4rt alle vertragsrechtlichen Details, einschlie\u00dflich Mietvertr\u00e4gen und Konditionen.3. **Beh\u00f6rdliche Genehmigungen**:   - Wir unterst\u00fctzen Sie bei der Beantragung aller erforderlichen Genehmigungen und Lizenzen.   - Dazu geh\u00f6ren auch die Erlaubnis zur Nutzung des Standorts f\u00fcr Ihren CSC und die Einhaltung aller gesetzlichen Vorschriften.4. **Rechtliche Absicherung**:   - Unsere Experten sorgen daf\u00fcr, dass alle Vertr\u00e4ge und Vereinbarungen rechtlich einwandfrei sind.   - Sie k\u00f6nnen sich darauf verlassen, dass wir alle notwendigen Schritte unternehmen, um Ihren CSC erfolgreich zu etablieren.Ihr Cannabis Social Club wird dank unserer Unterst\u00fctzung einen optimalen Standort finden. \ud83c\udf3f*Hinweis: Die oben genannten Informationen dienen nur zu Informationszwecken und ersetzen keine professionelle rechtliche Beratung.*\"><div class=\"ac-container ac-adaptiveCard\"><div class=\"ac-textBlock\"><p>Bei <strong>GoodChi Weed<\/strong> \u00fcbernehmen wir die <strong>komplette Standortsuche und alle vertragsrechtlichen Angelegenheiten<\/strong> f\u00fcr Ihren Cannabis Social Club. Sie k\u00f6nnen sich entspannt zur\u00fccklehnen, w\u00e4hrend wir folgende Schritte f\u00fcr Sie erledigen:<\/p><ol><li><p><strong>Standortsuche<\/strong>:<\/p><ul><li>Wir recherchieren und identifizieren potenzielle Standorte f\u00fcr Ihren CSC.<\/li><li>Dabei ber\u00fccksichtigen wir Faktoren wie Zug\u00e4nglichkeit, lokale Gesetze und die N\u00e4he zu potenziellen Mitgliedern.<\/li><\/ul><\/li><li><p><strong>Verhandlungen mit Vermietern<\/strong>:<\/p><ul><li>Wir treten in Kontakt mit Vermietern und Eigent\u00fcmern potenzieller Standorte.<\/li><li>Unser Team kl\u00e4rt alle vertragsrechtlichen Details, einschlie\u00dflich Mietvertr\u00e4gen und Konditionen.<\/li><\/ul><\/li><li><p><strong>Beh\u00f6rdliche Genehmigungen<\/strong>:<\/p><ul><li>Wir unterst\u00fctzen Sie bei der Beantragung aller erforderlichen Genehmigungen und Lizenzen.<\/li><li>Dazu geh\u00f6ren auch die Erlaubnis zur Nutzung des Standorts f\u00fcr Ihren CSC und die Einhaltung aller gesetzlichen Vorschriften.<\/li><\/ul><\/li><li><p><strong>Rechtliche Absicherung<\/strong>:<\/p><ul><li>Unsere Experten sorgen daf\u00fcr, dass alle Vertr\u00e4ge und Vereinbarungen rechtlich einwandfrei sind.<\/li><li>Sie k\u00f6nnen sich darauf verlassen, dass wir alle notwendigen Schritte unternehmen, um Ihren CSC erfolgreich zu etablieren.<\/li><\/ul><\/li><\/ol><p>Ihr Cannabis Social Club wird dank unserer Unterst\u00fctzung einen optimalen Standort finden.\u00a0<\/p><p>\u00a0<\/p><\/div><\/div><\/div>\t\t\t\t\t\t\t\t<\/div>\n\t\t\t\t<\/div>\n\t\t\t\t\t<\/div>\n\t\t\t\t<\/div>\n\t\t\t\t\t<\/div>\n\t\t\t\t<\/div>\n\t\t\t\t\t<\/div>\n\t\t\t\t<\/div>\n\t\t\t\t<\/div>","protected":false},"excerpt":{"rendered":"<p>Standortsuche Bei GoodChi Weed \u00fcbernehmen wir die komplette Standortsuche und alle vertragsrechtlichen Angelegenheiten f\u00fcr Ihren Cannabis Social Club. Sie k\u00f6nnen sich entspannt zur\u00fccklehnen, w\u00e4hrend wir folgende Schritte f\u00fcr Sie erledigen: Standortsuche: Wir recherchieren und identifizieren potenzielle Standorte f\u00fcr Ihren CSC. Dabei ber\u00fccksichtigen wir Faktoren wie Zug\u00e4nglichkeit, lokale Gesetze und die N\u00e4he zu potenziellen Mitgliedern. Verhandlungen [&hellip;]<\/p>\n","protected":false},"author":1,"featured_media":0,"parent":0,"menu_order":0,"comment_status":"closed","ping_status":"closed","template":"","meta":{"content-type":"","footnotes":""},"class_list":["post-1844","page","type-page","status-publish","hentry"],"blocksy_meta":[],"featured_image_urls_v2":{"full":"","thumbnail":"","medium":"","medium_large":"","large":"","1536x1536":"","2048x2048":"","trp-custom-language-flag":""},"post_excerpt_stackable_v2":"<p>Standortsuche Bei GoodChi Weed \u00fcbernehmen wir die komplette Standortsuche und alle vertragsrechtlichen Angelegenheiten f\u00fcr Ihren Cannabis Social Club. Sie k\u00f6nnen sich entspannt zur\u00fccklehnen, w\u00e4hrend wir folgende Schritte f\u00fcr Sie erledigen:Standortsuche:Wir recherchieren und identifizieren potenzielle Standorte f\u00fcr Ihren CSC.Dabei ber\u00fccksichtigen wir Faktoren wie Zug\u00e4nglichkeit, lokale Gesetze und die N\u00e4he zu potenziellen Mitgliedern.Verhandlungen mit Vermietern:Wir treten in Kontakt mit Vermietern und Eigent\u00fcmern potenzieller Standorte.Unser Team kl\u00e4rt alle vertragsrechtlichen Details, einschlie\u00dflich Mietvertr\u00e4gen und Konditionen.Beh\u00f6rdliche Genehmigungen:Wir unterst\u00fctzen Sie bei der Beantragung aller erforderlichen Genehmigungen und Lizenzen.Dazu geh\u00f6ren auch die Erlaubnis zur Nutzung des Standorts f\u00fcr Ihren CSC und die Einhaltung aller gesetzlichen Vorschriften.Rechtliche Absicherung:Unsere&hellip;<\/p>\n","category_list_v2":"","author_info_v2":{"name":"hrabnaz","url":"https:\/\/goodchiweed.de\/en\/author\/hrabnaz\/"},"comments_num_v2":"0 comments","yoast_head":"<!-- This site is optimized with the Yoast SEO plugin v27.5 - https:\/\/yoast.com\/product\/yoast-seo-wordpress\/ -->\n<title>Standortsuche - Goodchi Weed<\/title>\n<meta name=\"robots\" content=\"index, follow, max-snippet:-1, max-image-preview:large, max-video-preview:-1\" \/>\n<link rel=\"canonical\" href=\"https:\/\/goodchiweed.de\/en\/standortsuche\/\" \/>\n<meta property=\"og:locale\" content=\"en_US\" \/>\n<meta property=\"og:type\" content=\"article\" \/>\n<meta property=\"og:title\" content=\"Standortsuche - Goodchi Weed\" \/>\n<meta property=\"og:description\" content=\"Standortsuche Bei GoodChi Weed \u00fcbernehmen wir die komplette Standortsuche und alle vertragsrechtlichen Angelegenheiten f\u00fcr Ihren Cannabis Social Club. Sie k\u00f6nnen sich entspannt zur\u00fccklehnen, w\u00e4hrend wir folgende Schritte f\u00fcr Sie erledigen: Standortsuche: Wir recherchieren und identifizieren potenzielle Standorte f\u00fcr Ihren CSC. Dabei ber\u00fccksichtigen wir Faktoren wie Zug\u00e4nglichkeit, lokale Gesetze und die N\u00e4he zu potenziellen Mitgliedern. Verhandlungen [&hellip;]\" \/>\n<meta property=\"og:url\" content=\"https:\/\/goodchiweed.de\/en\/standortsuche\/\" \/>\n<meta property=\"og:site_name\" content=\"Goodchi Weed\" \/>\n<meta property=\"article:modified_time\" content=\"2024-05-04T14:23:39+00:00\" \/>\n<meta name=\"twitter:card\" content=\"summary_large_image\" \/>\n<meta name=\"twitter:label1\" content=\"Est. reading time\" \/>\n\t<meta name=\"twitter:data1\" content=\"1 minute\" \/>\n<script type=\"application\/ld+json\" class=\"yoast-schema-graph\">{\"@context\":\"https:\\\/\\\/schema.org\",\"@graph\":[{\"@type\":\"WebPage\",\"@id\":\"https:\\\/\\\/goodchiweed.de\\\/standortsuche\\\/\",\"url\":\"https:\\\/\\\/goodchiweed.de\\\/standortsuche\\\/\",\"name\":\"Standortsuche - Goodchi Weed\",\"isPartOf\":{\"@id\":\"https:\\\/\\\/goodchiweed.de\\\/#website\"},\"datePublished\":\"2024-05-04T14:22:44+00:00\",\"dateModified\":\"2024-05-04T14:23:39+00:00\",\"breadcrumb\":{\"@id\":\"https:\\\/\\\/goodchiweed.de\\\/standortsuche\\\/#breadcrumb\"},\"inLanguage\":\"en-US\",\"potentialAction\":[{\"@type\":\"ReadAction\",\"target\":[\"https:\\\/\\\/goodchiweed.de\\\/standortsuche\\\/\"]}]},{\"@type\":\"BreadcrumbList\",\"@id\":\"https:\\\/\\\/goodchiweed.de\\\/standortsuche\\\/#breadcrumb\",\"itemListElement\":[{\"@type\":\"ListItem\",\"position\":1,\"name\":\"Startseite\",\"item\":\"https:\\\/\\\/goodchiweed.de\\\/\"},{\"@type\":\"ListItem\",\"position\":2,\"name\":\"Standortsuche\"}]},{\"@type\":\"WebSite\",\"@id\":\"https:\\\/\\\/goodchiweed.de\\\/#website\",\"url\":\"https:\\\/\\\/goodchiweed.de\\\/\",\"name\":\"Goodchi Weed\",\"description\":\"\",\"publisher\":{\"@id\":\"https:\\\/\\\/goodchiweed.de\\\/#organization\"},\"potentialAction\":[{\"@type\":\"SearchAction\",\"target\":{\"@type\":\"EntryPoint\",\"urlTemplate\":\"https:\\\/\\\/goodchiweed.de\\\/?s={search_term_string}\"},\"query-input\":{\"@type\":\"PropertyValueSpecification\",\"valueRequired\":true,\"valueName\":\"search_term_string\"}}],\"inLanguage\":\"en-US\"},{\"@type\":\"Organization\",\"@id\":\"https:\\\/\\\/goodchiweed.de\\\/#organization\",\"name\":\"Goodchi Weed\",\"url\":\"https:\\\/\\\/goodchiweed.de\\\/\",\"logo\":{\"@type\":\"ImageObject\",\"inLanguage\":\"en-US\",\"@id\":\"https:\\\/\\\/goodchiweed.de\\\/#\\\/schema\\\/logo\\\/image\\\/\",\"url\":\"https:\\\/\\\/goodchiweed.de\\\/wp-content\\\/uploads\\\/2024\\\/05\\\/1.Goodchi-Weed_PNG.png\",\"contentUrl\":\"https:\\\/\\\/goodchiweed.de\\\/wp-content\\\/uploads\\\/2024\\\/05\\\/1.Goodchi-Weed_PNG.png\",\"width\":3000,\"height\":3000,\"caption\":\"Goodchi Weed\"},\"image\":{\"@id\":\"https:\\\/\\\/goodchiweed.de\\\/#\\\/schema\\\/logo\\\/image\\\/\"}}]}<\/script>\n<!-- \/ Yoast SEO plugin. -->","yoast_head_json":{"title":"Standortsuche - Goodchi Weed","robots":{"index":"index","follow":"follow","max-snippet":"max-snippet:-1","max-image-preview":"max-image-preview:large","max-video-preview":"max-video-preview:-1"},"canonical":"https:\/\/goodchiweed.de\/en\/standortsuche\/","og_locale":"en_US","og_type":"article","og_title":"Standortsuche - Goodchi Weed","og_description":"Standortsuche Bei GoodChi Weed \u00fcbernehmen wir die komplette Standortsuche und alle vertragsrechtlichen Angelegenheiten f\u00fcr Ihren Cannabis Social Club. Sie k\u00f6nnen sich entspannt zur\u00fccklehnen, w\u00e4hrend wir folgende Schritte f\u00fcr Sie erledigen: Standortsuche: Wir recherchieren und identifizieren potenzielle Standorte f\u00fcr Ihren CSC. Dabei ber\u00fccksichtigen wir Faktoren wie Zug\u00e4nglichkeit, lokale Gesetze und die N\u00e4he zu potenziellen Mitgliedern. Verhandlungen [&hellip;]","og_url":"https:\/\/goodchiweed.de\/en\/standortsuche\/","og_site_name":"Goodchi Weed","article_modified_time":"2024-05-04T14:23:39+00:00","twitter_card":"summary_large_image","twitter_misc":{"Est. reading time":"1 minute"},"schema":{"@context":"https:\/\/schema.org","@graph":[{"@type":"WebPage","@id":"https:\/\/goodchiweed.de\/standortsuche\/","url":"https:\/\/goodchiweed.de\/standortsuche\/","name":"Standortsuche - Goodchi Weed","isPartOf":{"@id":"https:\/\/goodchiweed.de\/#website"},"datePublished":"2024-05-04T14:22:44+00:00","dateModified":"2024-05-04T14:23:39+00:00","breadcrumb":{"@id":"https:\/\/goodchiweed.de\/standortsuche\/#breadcrumb"},"inLanguage":"en-US","potentialAction":[{"@type":"ReadAction","target":["https:\/\/goodchiweed.de\/standortsuche\/"]}]},{"@type":"BreadcrumbList","@id":"https:\/\/goodchiweed.de\/standortsuche\/#breadcrumb","itemListElement":[{"@type":"ListItem","position":1,"name":"Startseite","item":"https:\/\/goodchiweed.de\/"},{"@type":"ListItem","position":2,"name":"Standortsuche"}]},{"@type":"WebSite","@id":"https:\/\/goodchiweed.de\/#website","url":"https:\/\/goodchiweed.de\/","name":"Goodchi Weed","description":"","publisher":{"@id":"https:\/\/goodchiweed.de\/#organization"},"potentialAction":[{"@type":"SearchAction","target":{"@type":"EntryPoint","urlTemplate":"https:\/\/goodchiweed.de\/?s={search_term_string}"},"query-input":{"@type":"PropertyValueSpecification","valueRequired":true,"valueName":"search_term_string"}}],"inLanguage":"en-US"},{"@type":"Organization","@id":"https:\/\/goodchiweed.de\/#organization","name":"Goodchi Weed","url":"https:\/\/goodchiweed.de\/","logo":{"@type":"ImageObject","inLanguage":"en-US","@id":"https:\/\/goodchiweed.de\/#\/schema\/logo\/image\/","url":"https:\/\/goodchiweed.de\/wp-content\/uploads\/2024\/05\/1.Goodchi-Weed_PNG.png","contentUrl":"https:\/\/goodchiweed.de\/wp-content\/uploads\/2024\/05\/1.Goodchi-Weed_PNG.png","width":3000,"height":3000,"caption":"Goodchi Weed"},"image":{"@id":"https:\/\/goodchiweed.de\/#\/schema\/logo\/image\/"}}]}},"_links":{"self":[{"href":"https:\/\/goodchiweed.de\/en\/wp-json\/wp\/v2\/pages\/1844","targetHints":{"allow":["GET"]}}],"collection":[{"href":"https:\/\/goodchiweed.de\/en\/wp-json\/wp\/v2\/pages"}],"about":[{"href":"https:\/\/goodchiweed.de\/en\/wp-json\/wp\/v2\/types\/page"}],"author":[{"embeddable":true,"href":"https:\/\/goodchiweed.de\/en\/wp-json\/wp\/v2\/users\/1"}],"replies":[{"embeddable":true,"href":"https:\/\/goodchiweed.de\/en\/wp-json\/wp\/v2\/comments?post=1844"}],"version-history":[{"count":4,"href":"https:\/\/goodchiweed.de\/en\/wp-json\/wp\/v2\/pages\/1844\/revisions"}],"predecessor-version":[{"id":1849,"href":"https:\/\/goodchiweed.de\/en\/wp-json\/wp\/v2\/pages\/1844\/revisions\/1849"}],"wp:attachment":[{"href":"https:\/\/goodchiweed.de\/en\/wp-json\/wp\/v2\/media?parent=1844"}],"curies":[{"name":"wp","href":"https:\/\/api.w.org\/{rel}","templated":true}]}}