{"id":1834,"date":"2024-05-04T16:16:16","date_gmt":"2024-05-04T14:16:16","guid":{"rendered":"https:\/\/goodchiweed.de\/?page_id=1834"},"modified":"2024-05-04T16:19:48","modified_gmt":"2024-05-04T14:19:48","slug":"elementor-1834","status":"publish","type":"page","link":"https:\/\/goodchiweed.de\/en\/elementor-1834\/","title":{"rendered":"Vereinsgr\u00fcndung"},"content":{"rendered":"<div data-elementor-type=\"wp-page\" data-elementor-id=\"1834\" class=\"elementor elementor-1834\">\n\t\t\t\t<div class=\"elementor-element elementor-element-1dfd5f1 e-flex e-con-boxed e-con e-parent\" data-id=\"1dfd5f1\" data-element_type=\"container\" data-e-type=\"container\">\n\t\t\t\t\t<div class=\"e-con-inner\">\n\t\t\t\t<div class=\"elementor-element elementor-element-b4a40c4 elementor-widget elementor-widget-spacer\" data-id=\"b4a40c4\" data-element_type=\"widget\" data-e-type=\"widget\" data-widget_type=\"spacer.default\">\n\t\t\t\t<div class=\"elementor-widget-container\">\n\t\t\t\t\t\t\t<div class=\"elementor-spacer\">\n\t\t\t<div class=\"elementor-spacer-inner\"><\/div>\n\t\t<\/div>\n\t\t\t\t\t\t<\/div>\n\t\t\t\t<\/div>\n\t\t<div class=\"elementor-element elementor-element-b91d5c2 e-flex e-con-boxed e-con e-child\" data-id=\"b91d5c2\" data-element_type=\"container\" data-e-type=\"container\">\n\t\t\t\t\t<div class=\"e-con-inner\">\n\t\t\t\t<div class=\"elementor-element elementor-element-7f1748e elementor-widget elementor-widget-heading\" data-id=\"7f1748e\" data-element_type=\"widget\" data-e-type=\"widget\" data-widget_type=\"heading.default\">\n\t\t\t\t<div class=\"elementor-widget-container\">\n\t\t\t\t\t<h2 class=\"elementor-heading-title elementor-size-default\">Vereinsgr\u00fcndung<\/h2>\t\t\t\t<\/div>\n\t\t\t\t<\/div>\n\t\t<div class=\"elementor-element elementor-element-80d3ec8 e-flex e-con-boxed e-con e-child\" data-id=\"80d3ec8\" data-element_type=\"container\" data-e-type=\"container\">\n\t\t\t\t\t<div class=\"e-con-inner\">\n\t\t\t\t<div class=\"elementor-element elementor-element-2565c9b elementor-widget elementor-widget-text-editor\" data-id=\"2565c9b\" data-element_type=\"widget\" data-e-type=\"widget\" data-widget_type=\"text-editor.default\">\n\t\t\t\t<div class=\"elementor-widget-container\">\n\t\t\t\t\t\t\t\t\t<p><b>GoodChi Weed<\/b><span style=\"font-weight: 400;\"> unterst\u00fctzt Sie bei jedem Schritt der Gr\u00fcndung Ihres <\/span><b>Cannabis Social Clubs (CSC)<\/b><span style=\"font-weight: 400;\"> oder Ihrer <\/span><b>Anbauvereinigung<\/b><span style=\"font-weight: 400;\"> in Deutschland:<\/span><\/p><ol><li style=\"font-weight: 400;\" aria-level=\"1\"><b>Wahl der Organisationsform<\/b><span style=\"font-weight: 400;\">:<\/span><ul><li style=\"font-weight: 400;\" aria-level=\"2\"><span style=\"font-weight: 400;\">Wir beraten Sie bei der Auswahl der geeigneten Rechtsform: entweder ein <\/span><b>eingetragener nicht wirtschaftlicher Verein (e.V.)<\/b><span style=\"font-weight: 400;\"> oder eine <\/span><b>eingetragene Genossenschaft (eG)<\/b><span style=\"font-weight: 400;\">.<\/span><\/li><li style=\"font-weight: 400;\" aria-level=\"2\"><span style=\"font-weight: 400;\">Die Vereinsform ist in der Regel vorzugsw\u00fcrdig, da sie einfacher zu gr\u00fcnden und zu verwalten ist.<\/span><\/li><li style=\"font-weight: 400;\" aria-level=\"2\"><span style=\"font-weight: 400;\">Beachten Sie, dass beide Vereinigungen nicht gewinnorientiert agieren d\u00fcrfen.<\/span><\/li><\/ul><\/li><li style=\"font-weight: 400;\" aria-level=\"1\"><b>Einhaltung des Rechtsrahmens<\/b><span style=\"font-weight: 400;\">:<\/span><ul><li style=\"font-weight: 400;\" aria-level=\"2\"><span style=\"font-weight: 400;\">Wir unterst\u00fctzen Sie bei der <\/span><b>Erlaubnisbeantragung<\/b><span style=\"font-weight: 400;\"> bei der zust\u00e4ndigen Beh\u00f6rde, um gemeinschaftlich Cannabis anzubauen und an die Mitglieder weiterzugeben.<\/span><\/li><li style=\"font-weight: 400;\" aria-level=\"2\"><span style=\"font-weight: 400;\">Die genauen Voraussetzungen f\u00fcr die Erlaubnis sind im <\/span><b>Gesetzesentwurf zum KCanG<\/b><span style=\"font-weight: 400;\"> festgelegt.<\/span><\/li><\/ul><\/li><li style=\"font-weight: 400;\" aria-level=\"1\"><b>Werbung und Anbauplanung<\/b><span style=\"font-weight: 400;\">:<\/span><ul><li style=\"font-weight: 400;\" aria-level=\"2\"><span style=\"font-weight: 400;\">Wir helfen Ihnen bei der Planung der Werbema\u00dfnahmen f\u00fcr Ihren CSC. Wie werden Sie Mitglieder gewinnen?<\/span><\/li><li style=\"font-weight: 400;\" aria-level=\"2\"><span style=\"font-weight: 400;\">Gemeinsam legen wir einen Anbauplan fest: Welche Sorten m\u00f6chten Sie anbauen? Indoor oder Outdoor?<\/span><\/li><\/ul><\/li><li style=\"font-weight: 400;\" aria-level=\"1\"><b>Zusammenarbeit mit GoodChi Weed<\/b><span style=\"font-weight: 400;\">:<\/span><ul><li style=\"font-weight: 400;\" aria-level=\"2\"><b>GoodChi Weed<\/b><span style=\"font-weight: 400;\"> ist Ihr Partner bei der Gr\u00fcndung und dem Betrieb Ihres Cannabis Social Clubs.<\/span><\/li><li style=\"font-weight: 400;\" aria-level=\"2\"><span style=\"font-weight: 400;\">Wir unterst\u00fctzen Sie bei der Mitgliederverwaltung, der Planung und dem Anbau von Cannabis sowie bei allen weiteren Schritten.<\/span><\/li><\/ul><\/li><li style=\"font-weight: 400;\" aria-level=\"1\"><b>Weitere Schritte<\/b><span style=\"font-weight: 400;\">:<\/span><ul><li style=\"font-weight: 400;\" aria-level=\"2\"><span style=\"font-weight: 400;\">Wir unterst\u00fctzen Sie bei der notariellen Beurkundung der <\/span><b>Vereinssatzung<\/b><span style=\"font-weight: 400;\">.<\/span><\/li><li style=\"font-weight: 400;\" aria-level=\"2\"><span style=\"font-weight: 400;\">Wir begleiten Sie bei der <\/span><b>Eintragung in das Vereinsregister<\/b><span style=\"font-weight: 400;\">.<\/span><\/li><li style=\"font-weight: 400;\" aria-level=\"2\"><span style=\"font-weight: 400;\">Wir helfen Ihnen bei der Beschaffung einer <\/span><b>Steuernummer<\/b><span style=\"font-weight: 400;\">.<\/span><\/li><li style=\"font-weight: 400;\" aria-level=\"2\"><span style=\"font-weight: 400;\">Wir unterst\u00fctzen Sie bei der <\/span><b>Er\u00f6ffnung eines Vereinskontos<\/b><span style=\"font-weight: 400;\"> .<\/span><\/li><\/ul><\/li><\/ol><p><span style=\"font-weight: 400;\">Viel Erfolg bei der Gr\u00fcndung Ihres Cannabis Social Clubs mit GoodChi Weed!<\/span><\/p>\t\t\t\t\t\t\t\t<\/div>\n\t\t\t\t<\/div>\n\t\t\t\t\t<\/div>\n\t\t\t\t<\/div>\n\t\t\t\t\t<\/div>\n\t\t\t\t<\/div>\n\t\t\t\t\t<\/div>\n\t\t\t\t<\/div>\n\t\t\t\t<\/div>","protected":false},"excerpt":{"rendered":"<p>Vereinsgr\u00fcndung GoodChi Weed unterst\u00fctzt Sie bei jedem Schritt der Gr\u00fcndung Ihres Cannabis Social Clubs (CSC) oder Ihrer Anbauvereinigung in Deutschland: Wahl der Organisationsform: Wir beraten Sie bei der Auswahl der geeigneten Rechtsform: entweder ein eingetragener nicht wirtschaftlicher Verein (e.V.) oder eine eingetragene Genossenschaft (eG). Die Vereinsform ist in der Regel vorzugsw\u00fcrdig, da sie einfacher zu [&hellip;]<\/p>\n","protected":false},"author":1,"featured_media":0,"parent":0,"menu_order":0,"comment_status":"closed","ping_status":"closed","template":"","meta":{"content-type":"","footnotes":""},"class_list":["post-1834","page","type-page","status-publish","hentry"],"blocksy_meta":[],"featured_image_urls_v2":{"full":"","thumbnail":"","medium":"","medium_large":"","large":"","1536x1536":"","2048x2048":"","trp-custom-language-flag":""},"post_excerpt_stackable_v2":"<p>Vereinsgr\u00fcndung GoodChi Weed unterst\u00fctzt Sie bei jedem Schritt der Gr\u00fcndung Ihres Cannabis Social Clubs (CSC) oder Ihrer Anbauvereinigung in Deutschland:Wahl der Organisationsform:Wir beraten Sie bei der Auswahl der geeigneten Rechtsform: entweder ein eingetragener nicht wirtschaftlicher Verein (e.V.) oder eine eingetragene Genossenschaft (eG).Die Vereinsform ist in der Regel vorzugsw\u00fcrdig, da sie einfacher zu gr\u00fcnden und zu verwalten ist.Beachten Sie, dass beide Vereinigungen nicht gewinnorientiert agieren d\u00fcrfen.Einhaltung des Rechtsrahmens:Wir unterst\u00fctzen Sie bei der Erlaubnisbeantragung bei der zust\u00e4ndigen Beh\u00f6rde, um gemeinschaftlich Cannabis anzubauen und an die Mitglieder weiterzugeben.Die genauen Voraussetzungen f\u00fcr die Erlaubnis sind im Gesetzesentwurf zum KCanG festgelegt.Werbung und Anbauplanung:Wir helfen Ihnen&hellip;<\/p>\n","category_list_v2":"","author_info_v2":{"name":"hrabnaz","url":"https:\/\/goodchiweed.de\/en\/author\/hrabnaz\/"},"comments_num_v2":"0 comments","yoast_head":"<!-- This site is optimized with the Yoast SEO plugin v27.5 - https:\/\/yoast.com\/product\/yoast-seo-wordpress\/ -->\n<title>Vereinsgr\u00fcndung - Goodchi Weed<\/title>\n<meta name=\"robots\" content=\"index, follow, max-snippet:-1, max-image-preview:large, max-video-preview:-1\" \/>\n<link rel=\"canonical\" href=\"https:\/\/goodchiweed.de\/en\/elementor-1834\/\" \/>\n<meta property=\"og:locale\" content=\"en_US\" \/>\n<meta property=\"og:type\" content=\"article\" \/>\n<meta property=\"og:title\" content=\"Vereinsgr\u00fcndung - Goodchi Weed\" \/>\n<meta property=\"og:description\" content=\"Vereinsgr\u00fcndung GoodChi Weed unterst\u00fctzt Sie bei jedem Schritt der Gr\u00fcndung Ihres Cannabis Social Clubs (CSC) oder Ihrer Anbauvereinigung in Deutschland: Wahl der Organisationsform: Wir beraten Sie bei der Auswahl der geeigneten Rechtsform: entweder ein eingetragener nicht wirtschaftlicher Verein (e.V.) oder eine eingetragene Genossenschaft (eG). Die Vereinsform ist in der Regel vorzugsw\u00fcrdig, da sie einfacher zu [&hellip;]\" \/>\n<meta property=\"og:url\" content=\"https:\/\/goodchiweed.de\/en\/elementor-1834\/\" \/>\n<meta property=\"og:site_name\" content=\"Goodchi Weed\" \/>\n<meta property=\"article:modified_time\" content=\"2024-05-04T14:19:48+00:00\" \/>\n<meta name=\"twitter:card\" content=\"summary_large_image\" \/>\n<meta name=\"twitter:label1\" content=\"Est. reading time\" \/>\n\t<meta name=\"twitter:data1\" content=\"1 minute\" \/>\n<script type=\"application\/ld+json\" class=\"yoast-schema-graph\">{\"@context\":\"https:\\\/\\\/schema.org\",\"@graph\":[{\"@type\":\"WebPage\",\"@id\":\"https:\\\/\\\/goodchiweed.de\\\/elementor-1834\\\/\",\"url\":\"https:\\\/\\\/goodchiweed.de\\\/elementor-1834\\\/\",\"name\":\"Vereinsgr\u00fcndung - Goodchi Weed\",\"isPartOf\":{\"@id\":\"https:\\\/\\\/goodchiweed.de\\\/#website\"},\"datePublished\":\"2024-05-04T14:16:16+00:00\",\"dateModified\":\"2024-05-04T14:19:48+00:00\",\"breadcrumb\":{\"@id\":\"https:\\\/\\\/goodchiweed.de\\\/elementor-1834\\\/#breadcrumb\"},\"inLanguage\":\"en-US\",\"potentialAction\":[{\"@type\":\"ReadAction\",\"target\":[\"https:\\\/\\\/goodchiweed.de\\\/elementor-1834\\\/\"]}]},{\"@type\":\"BreadcrumbList\",\"@id\":\"https:\\\/\\\/goodchiweed.de\\\/elementor-1834\\\/#breadcrumb\",\"itemListElement\":[{\"@type\":\"ListItem\",\"position\":1,\"name\":\"Startseite\",\"item\":\"https:\\\/\\\/goodchiweed.de\\\/\"},{\"@type\":\"ListItem\",\"position\":2,\"name\":\"Vereinsgr\u00fcndung\"}]},{\"@type\":\"WebSite\",\"@id\":\"https:\\\/\\\/goodchiweed.de\\\/#website\",\"url\":\"https:\\\/\\\/goodchiweed.de\\\/\",\"name\":\"Goodchi Weed\",\"description\":\"\",\"publisher\":{\"@id\":\"https:\\\/\\\/goodchiweed.de\\\/#organization\"},\"potentialAction\":[{\"@type\":\"SearchAction\",\"target\":{\"@type\":\"EntryPoint\",\"urlTemplate\":\"https:\\\/\\\/goodchiweed.de\\\/?s={search_term_string}\"},\"query-input\":{\"@type\":\"PropertyValueSpecification\",\"valueRequired\":true,\"valueName\":\"search_term_string\"}}],\"inLanguage\":\"en-US\"},{\"@type\":\"Organization\",\"@id\":\"https:\\\/\\\/goodchiweed.de\\\/#organization\",\"name\":\"Goodchi Weed\",\"url\":\"https:\\\/\\\/goodchiweed.de\\\/\",\"logo\":{\"@type\":\"ImageObject\",\"inLanguage\":\"en-US\",\"@id\":\"https:\\\/\\\/goodchiweed.de\\\/#\\\/schema\\\/logo\\\/image\\\/\",\"url\":\"https:\\\/\\\/goodchiweed.de\\\/wp-content\\\/uploads\\\/2024\\\/05\\\/1.Goodchi-Weed_PNG.png\",\"contentUrl\":\"https:\\\/\\\/goodchiweed.de\\\/wp-content\\\/uploads\\\/2024\\\/05\\\/1.Goodchi-Weed_PNG.png\",\"width\":3000,\"height\":3000,\"caption\":\"Goodchi Weed\"},\"image\":{\"@id\":\"https:\\\/\\\/goodchiweed.de\\\/#\\\/schema\\\/logo\\\/image\\\/\"}}]}<\/script>\n<!-- \/ Yoast SEO plugin. -->","yoast_head_json":{"title":"Vereinsgr\u00fcndung - Goodchi Weed","robots":{"index":"index","follow":"follow","max-snippet":"max-snippet:-1","max-image-preview":"max-image-preview:large","max-video-preview":"max-video-preview:-1"},"canonical":"https:\/\/goodchiweed.de\/en\/elementor-1834\/","og_locale":"en_US","og_type":"article","og_title":"Vereinsgr\u00fcndung - Goodchi Weed","og_description":"Vereinsgr\u00fcndung GoodChi Weed unterst\u00fctzt Sie bei jedem Schritt der Gr\u00fcndung Ihres Cannabis Social Clubs (CSC) oder Ihrer Anbauvereinigung in Deutschland: Wahl der Organisationsform: Wir beraten Sie bei der Auswahl der geeigneten Rechtsform: entweder ein eingetragener nicht wirtschaftlicher Verein (e.V.) oder eine eingetragene Genossenschaft (eG). Die Vereinsform ist in der Regel vorzugsw\u00fcrdig, da sie einfacher zu [&hellip;]","og_url":"https:\/\/goodchiweed.de\/en\/elementor-1834\/","og_site_name":"Goodchi Weed","article_modified_time":"2024-05-04T14:19:48+00:00","twitter_card":"summary_large_image","twitter_misc":{"Est. reading time":"1 minute"},"schema":{"@context":"https:\/\/schema.org","@graph":[{"@type":"WebPage","@id":"https:\/\/goodchiweed.de\/elementor-1834\/","url":"https:\/\/goodchiweed.de\/elementor-1834\/","name":"Vereinsgr\u00fcndung - Goodchi Weed","isPartOf":{"@id":"https:\/\/goodchiweed.de\/#website"},"datePublished":"2024-05-04T14:16:16+00:00","dateModified":"2024-05-04T14:19:48+00:00","breadcrumb":{"@id":"https:\/\/goodchiweed.de\/elementor-1834\/#breadcrumb"},"inLanguage":"en-US","potentialAction":[{"@type":"ReadAction","target":["https:\/\/goodchiweed.de\/elementor-1834\/"]}]},{"@type":"BreadcrumbList","@id":"https:\/\/goodchiweed.de\/elementor-1834\/#breadcrumb","itemListElement":[{"@type":"ListItem","position":1,"name":"Startseite","item":"https:\/\/goodchiweed.de\/"},{"@type":"ListItem","position":2,"name":"Vereinsgr\u00fcndung"}]},{"@type":"WebSite","@id":"https:\/\/goodchiweed.de\/#website","url":"https:\/\/goodchiweed.de\/","name":"Goodchi Weed","description":"","publisher":{"@id":"https:\/\/goodchiweed.de\/#organization"},"potentialAction":[{"@type":"SearchAction","target":{"@type":"EntryPoint","urlTemplate":"https:\/\/goodchiweed.de\/?s={search_term_string}"},"query-input":{"@type":"PropertyValueSpecification","valueRequired":true,"valueName":"search_term_string"}}],"inLanguage":"en-US"},{"@type":"Organization","@id":"https:\/\/goodchiweed.de\/#organization","name":"Goodchi Weed","url":"https:\/\/goodchiweed.de\/","logo":{"@type":"ImageObject","inLanguage":"en-US","@id":"https:\/\/goodchiweed.de\/#\/schema\/logo\/image\/","url":"https:\/\/goodchiweed.de\/wp-content\/uploads\/2024\/05\/1.Goodchi-Weed_PNG.png","contentUrl":"https:\/\/goodchiweed.de\/wp-content\/uploads\/2024\/05\/1.Goodchi-Weed_PNG.png","width":3000,"height":3000,"caption":"Goodchi Weed"},"image":{"@id":"https:\/\/goodchiweed.de\/#\/schema\/logo\/image\/"}}]}},"_links":{"self":[{"href":"https:\/\/goodchiweed.de\/en\/wp-json\/wp\/v2\/pages\/1834","targetHints":{"allow":["GET"]}}],"collection":[{"href":"https:\/\/goodchiweed.de\/en\/wp-json\/wp\/v2\/pages"}],"about":[{"href":"https:\/\/goodchiweed.de\/en\/wp-json\/wp\/v2\/types\/page"}],"author":[{"embeddable":true,"href":"https:\/\/goodchiweed.de\/en\/wp-json\/wp\/v2\/users\/1"}],"replies":[{"embeddable":true,"href":"https:\/\/goodchiweed.de\/en\/wp-json\/wp\/v2\/comments?post=1834"}],"version-history":[{"count":5,"href":"https:\/\/goodchiweed.de\/en\/wp-json\/wp\/v2\/pages\/1834\/revisions"}],"predecessor-version":[{"id":1840,"href":"https:\/\/goodchiweed.de\/en\/wp-json\/wp\/v2\/pages\/1834\/revisions\/1840"}],"wp:attachment":[{"href":"https:\/\/goodchiweed.de\/en\/wp-json\/wp\/v2\/media?parent=1834"}],"curies":[{"name":"wp","href":"https:\/\/api.w.org\/{rel}","templated":true}]}}