{"id":1803,"date":"2024-05-04T15:45:25","date_gmt":"2024-05-04T13:45:25","guid":{"rendered":"https:\/\/goodchiweed.de\/?page_id=1803"},"modified":"2024-05-04T15:59:51","modified_gmt":"2024-05-04T13:59:51","slug":"komplett-sorglos-paket","status":"publish","type":"page","link":"https:\/\/goodchiweed.de\/en\/komplett-sorglos-paket\/","title":{"rendered":"Komplett-sorglos-Paket"},"content":{"rendered":"<div data-elementor-type=\"wp-page\" data-elementor-id=\"1803\" class=\"elementor elementor-1803\">\n\t\t\t\t<div class=\"elementor-element elementor-element-0b6f212 e-flex e-con-boxed e-con e-parent\" data-id=\"0b6f212\" data-element_type=\"container\" data-e-type=\"container\">\n\t\t\t\t\t<div class=\"e-con-inner\">\n\t\t\t\t<div class=\"elementor-element elementor-element-243d1a7 elementor-widget elementor-widget-spacer\" data-id=\"243d1a7\" data-element_type=\"widget\" data-e-type=\"widget\" data-widget_type=\"spacer.default\">\n\t\t\t\t<div class=\"elementor-widget-container\">\n\t\t\t\t\t\t\t<div class=\"elementor-spacer\">\n\t\t\t<div class=\"elementor-spacer-inner\"><\/div>\n\t\t<\/div>\n\t\t\t\t\t\t<\/div>\n\t\t\t\t<\/div>\n\t\t\t\t\t<\/div>\n\t\t\t\t<\/div>\n\t\t<div class=\"elementor-element elementor-element-2813c41 e-flex e-con-boxed e-con e-parent\" data-id=\"2813c41\" data-element_type=\"container\" data-e-type=\"container\">\n\t\t\t\t\t<div class=\"e-con-inner\">\n\t\t\t\t<div class=\"elementor-element elementor-element-4238e68 elementor-widget elementor-widget-heading\" data-id=\"4238e68\" data-element_type=\"widget\" data-e-type=\"widget\" data-widget_type=\"heading.default\">\n\t\t\t\t<div class=\"elementor-widget-container\">\n\t\t\t\t\t<h2 class=\"elementor-heading-title elementor-size-default\">Komplett-Sorglos-Paket f\u00fcr Cannabis Social Clubs und Anbauvereinigungen<\/h2>\t\t\t\t<\/div>\n\t\t\t\t<\/div>\n\t\t<div class=\"elementor-element elementor-element-cd8dda0 e-flex e-con-boxed e-con e-child\" data-id=\"cd8dda0\" data-element_type=\"container\" data-e-type=\"container\">\n\t\t\t\t\t<div class=\"e-con-inner\">\n\t\t\t\t<div class=\"elementor-element elementor-element-d5c8029 elementor-widget elementor-widget-text-editor\" data-id=\"d5c8029\" data-element_type=\"widget\" data-e-type=\"widget\" data-widget_type=\"text-editor.default\">\n\t\t\t\t<div class=\"elementor-widget-container\">\n\t\t\t\t\t\t\t\t\t<h3>1. Vereinsanmeldung und rechtliche Schritte<\/h3>\n<ul>\n<li>Wir unterst\u00fctzen Sie bei der Gr\u00fcndung Ihres Cannabis Social Clubs oder Ihrer Anbauvereinigung.<\/li>\n<li>Unsere Experten k\u00fcmmern sich um alle erforderlichen rechtlichen Schritte, damit Sie sich auf das Wesentliche konzentrieren k\u00f6nnen.<\/li>\n<\/ul>\n<h3>2. Planung und Umsetzung des Anbaus<\/h3>\n<ul>\n<li>Unsere Container-Anlagen sind optimal f\u00fcr den Cannabisanbau geeignet.<\/li>\n<li>Wir versorgen Sie mit hochwertigen Stecklingen und beraten Sie bei der Pflege Ihrer Pflanzen.<\/li>\n<\/ul>\n<h3>3. Mitgliederwerbung und -betreuung<\/h3>\n<ul>\n<li>Wir entwickeln ma\u00dfgeschneiderte Marketingstrategien, um neue Mitglieder zu gewinnen.<\/li>\n<li>GoodChi Weed setzt auf Transparenz und Gemeinschaft. Wir vertreten die Interessen unserer Partner und f\u00f6rdern den Austausch untereinander.<\/li>\n<\/ul>\n<h3>4. Personalsuche und -management<\/h3>\n<ul>\n<li>Unser Team unterst\u00fctzt Sie bei der Suche nach qualifizierten Mitarbeitern.<\/li>\n<li>Wir bieten Schulungen und Weiterbildungen, um Ihr Personal optimal zu betreuen.<\/li>\n<\/ul>\n<h3>5. Unternehmensstruktur und Organisation<\/h3>\n<ul>\n<li>GoodChi Weed legt Wert auf klare Strukturen. Wir definieren Verantwortlichkeiten und Aufgabenbereiche.<\/li>\n<li>Unsere Buchhaltungsexperten sorgen f\u00fcr eine reibungslose finanzielle Verwaltung.<\/li>\n<\/ul>\n<hr \/>\n<p>Wir sind stolz darauf, Ihnen ein umfassendes Paket anzubieten, das alle Aspekte Ihres Cannabisunternehmens abdeckt. Bei Fragen stehen wir Ihnen gerne zur Verf\u00fcgung!<\/p>\t\t\t\t\t\t\t\t<\/div>\n\t\t\t\t<\/div>\n\t\t\t\t\t<\/div>\n\t\t\t\t<\/div>\n\t\t\t\t\t<\/div>\n\t\t\t\t<\/div>\n\t\t<div class=\"elementor-element elementor-element-7ab1456 e-flex e-con-boxed e-con e-parent\" data-id=\"7ab1456\" data-element_type=\"container\" data-e-type=\"container\">\n\t\t\t\t\t<div class=\"e-con-inner\">\n\t\t\t\t\t<\/div>\n\t\t\t\t<\/div>\n\t\t\t\t<\/div>","protected":false},"excerpt":{"rendered":"<p>Komplett-Sorglos-Paket f\u00fcr Cannabis Social Clubs und Anbauvereinigungen 1. Vereinsanmeldung und rechtliche Schritte Wir unterst\u00fctzen Sie bei der Gr\u00fcndung Ihres Cannabis Social Clubs oder Ihrer Anbauvereinigung. Unsere Experten k\u00fcmmern sich um alle erforderlichen rechtlichen Schritte, damit Sie sich auf das Wesentliche konzentrieren k\u00f6nnen. 2. Planung und Umsetzung des Anbaus Unsere Container-Anlagen sind optimal f\u00fcr den Cannabisanbau [&hellip;]<\/p>\n","protected":false},"author":1,"featured_media":0,"parent":0,"menu_order":0,"comment_status":"closed","ping_status":"closed","template":"","meta":{"content-type":"","footnotes":""},"class_list":["post-1803","page","type-page","status-publish","hentry"],"blocksy_meta":[],"featured_image_urls_v2":{"full":"","thumbnail":"","medium":"","medium_large":"","large":"","1536x1536":"","2048x2048":"","trp-custom-language-flag":""},"post_excerpt_stackable_v2":"<p>Komplett-Sorglos-Paket f\u00fcr Cannabis Social Clubs und Anbauvereinigungen 1. Vereinsanmeldung und rechtliche Schritte Wir unterst\u00fctzen Sie bei der Gr\u00fcndung Ihres Cannabis Social Clubs oder Ihrer Anbauvereinigung. Unsere Experten k\u00fcmmern sich um alle erforderlichen rechtlichen Schritte, damit Sie sich auf das Wesentliche konzentrieren k\u00f6nnen. 2. Planung und Umsetzung des Anbaus Unsere Container-Anlagen sind optimal f\u00fcr den Cannabisanbau geeignet. Wir versorgen Sie mit hochwertigen Stecklingen und beraten Sie bei der Pflege Ihrer Pflanzen. 3. Mitgliederwerbung und -betreuung Wir entwickeln ma\u00dfgeschneiderte Marketingstrategien, um neue Mitglieder zu gewinnen. GoodChi Weed setzt auf Transparenz und Gemeinschaft. Wir vertreten die Interessen unserer Partner und f\u00f6rdern den Austausch&hellip;<\/p>\n","category_list_v2":"","author_info_v2":{"name":"hrabnaz","url":"https:\/\/goodchiweed.de\/en\/author\/hrabnaz\/"},"comments_num_v2":"0 comments","yoast_head":"<!-- This site is optimized with the Yoast SEO plugin v27.5 - https:\/\/yoast.com\/product\/yoast-seo-wordpress\/ -->\n<title>Komplett-sorglos-Paket - Goodchi Weed<\/title>\n<meta name=\"robots\" content=\"index, follow, max-snippet:-1, max-image-preview:large, max-video-preview:-1\" \/>\n<link rel=\"canonical\" href=\"https:\/\/goodchiweed.de\/en\/komplett-sorglos-paket\/\" \/>\n<meta property=\"og:locale\" content=\"en_US\" \/>\n<meta property=\"og:type\" content=\"article\" \/>\n<meta property=\"og:title\" content=\"Komplett-sorglos-Paket - Goodchi Weed\" \/>\n<meta property=\"og:description\" content=\"Komplett-Sorglos-Paket f\u00fcr Cannabis Social Clubs und Anbauvereinigungen 1. Vereinsanmeldung und rechtliche Schritte Wir unterst\u00fctzen Sie bei der Gr\u00fcndung Ihres Cannabis Social Clubs oder Ihrer Anbauvereinigung. Unsere Experten k\u00fcmmern sich um alle erforderlichen rechtlichen Schritte, damit Sie sich auf das Wesentliche konzentrieren k\u00f6nnen. 2. Planung und Umsetzung des Anbaus Unsere Container-Anlagen sind optimal f\u00fcr den Cannabisanbau [&hellip;]\" \/>\n<meta property=\"og:url\" content=\"https:\/\/goodchiweed.de\/en\/komplett-sorglos-paket\/\" \/>\n<meta property=\"og:site_name\" content=\"Goodchi Weed\" \/>\n<meta property=\"article:modified_time\" content=\"2024-05-04T13:59:51+00:00\" \/>\n<meta name=\"twitter:card\" content=\"summary_large_image\" \/>\n<meta name=\"twitter:label1\" content=\"Est. reading time\" \/>\n\t<meta name=\"twitter:data1\" content=\"1 minute\" \/>\n<script type=\"application\/ld+json\" class=\"yoast-schema-graph\">{\"@context\":\"https:\\\/\\\/schema.org\",\"@graph\":[{\"@type\":\"WebPage\",\"@id\":\"https:\\\/\\\/goodchiweed.de\\\/komplett-sorglos-paket\\\/\",\"url\":\"https:\\\/\\\/goodchiweed.de\\\/komplett-sorglos-paket\\\/\",\"name\":\"Komplett-sorglos-Paket - Goodchi Weed\",\"isPartOf\":{\"@id\":\"https:\\\/\\\/goodchiweed.de\\\/#website\"},\"datePublished\":\"2024-05-04T13:45:25+00:00\",\"dateModified\":\"2024-05-04T13:59:51+00:00\",\"breadcrumb\":{\"@id\":\"https:\\\/\\\/goodchiweed.de\\\/komplett-sorglos-paket\\\/#breadcrumb\"},\"inLanguage\":\"en-US\",\"potentialAction\":[{\"@type\":\"ReadAction\",\"target\":[\"https:\\\/\\\/goodchiweed.de\\\/komplett-sorglos-paket\\\/\"]}]},{\"@type\":\"BreadcrumbList\",\"@id\":\"https:\\\/\\\/goodchiweed.de\\\/komplett-sorglos-paket\\\/#breadcrumb\",\"itemListElement\":[{\"@type\":\"ListItem\",\"position\":1,\"name\":\"Startseite\",\"item\":\"https:\\\/\\\/goodchiweed.de\\\/\"},{\"@type\":\"ListItem\",\"position\":2,\"name\":\"Komplett-sorglos-Paket\"}]},{\"@type\":\"WebSite\",\"@id\":\"https:\\\/\\\/goodchiweed.de\\\/#website\",\"url\":\"https:\\\/\\\/goodchiweed.de\\\/\",\"name\":\"Goodchi Weed\",\"description\":\"\",\"publisher\":{\"@id\":\"https:\\\/\\\/goodchiweed.de\\\/#organization\"},\"potentialAction\":[{\"@type\":\"SearchAction\",\"target\":{\"@type\":\"EntryPoint\",\"urlTemplate\":\"https:\\\/\\\/goodchiweed.de\\\/?s={search_term_string}\"},\"query-input\":{\"@type\":\"PropertyValueSpecification\",\"valueRequired\":true,\"valueName\":\"search_term_string\"}}],\"inLanguage\":\"en-US\"},{\"@type\":\"Organization\",\"@id\":\"https:\\\/\\\/goodchiweed.de\\\/#organization\",\"name\":\"Goodchi Weed\",\"url\":\"https:\\\/\\\/goodchiweed.de\\\/\",\"logo\":{\"@type\":\"ImageObject\",\"inLanguage\":\"en-US\",\"@id\":\"https:\\\/\\\/goodchiweed.de\\\/#\\\/schema\\\/logo\\\/image\\\/\",\"url\":\"https:\\\/\\\/goodchiweed.de\\\/wp-content\\\/uploads\\\/2024\\\/05\\\/1.Goodchi-Weed_PNG.png\",\"contentUrl\":\"https:\\\/\\\/goodchiweed.de\\\/wp-content\\\/uploads\\\/2024\\\/05\\\/1.Goodchi-Weed_PNG.png\",\"width\":3000,\"height\":3000,\"caption\":\"Goodchi Weed\"},\"image\":{\"@id\":\"https:\\\/\\\/goodchiweed.de\\\/#\\\/schema\\\/logo\\\/image\\\/\"}}]}<\/script>\n<!-- \/ Yoast SEO plugin. -->","yoast_head_json":{"title":"Komplett-sorglos-Paket - Goodchi Weed","robots":{"index":"index","follow":"follow","max-snippet":"max-snippet:-1","max-image-preview":"max-image-preview:large","max-video-preview":"max-video-preview:-1"},"canonical":"https:\/\/goodchiweed.de\/en\/komplett-sorglos-paket\/","og_locale":"en_US","og_type":"article","og_title":"Komplett-sorglos-Paket - Goodchi Weed","og_description":"Komplett-Sorglos-Paket f\u00fcr Cannabis Social Clubs und Anbauvereinigungen 1. Vereinsanmeldung und rechtliche Schritte Wir unterst\u00fctzen Sie bei der Gr\u00fcndung Ihres Cannabis Social Clubs oder Ihrer Anbauvereinigung. Unsere Experten k\u00fcmmern sich um alle erforderlichen rechtlichen Schritte, damit Sie sich auf das Wesentliche konzentrieren k\u00f6nnen. 2. Planung und Umsetzung des Anbaus Unsere Container-Anlagen sind optimal f\u00fcr den Cannabisanbau [&hellip;]","og_url":"https:\/\/goodchiweed.de\/en\/komplett-sorglos-paket\/","og_site_name":"Goodchi Weed","article_modified_time":"2024-05-04T13:59:51+00:00","twitter_card":"summary_large_image","twitter_misc":{"Est. reading time":"1 minute"},"schema":{"@context":"https:\/\/schema.org","@graph":[{"@type":"WebPage","@id":"https:\/\/goodchiweed.de\/komplett-sorglos-paket\/","url":"https:\/\/goodchiweed.de\/komplett-sorglos-paket\/","name":"Komplett-sorglos-Paket - Goodchi Weed","isPartOf":{"@id":"https:\/\/goodchiweed.de\/#website"},"datePublished":"2024-05-04T13:45:25+00:00","dateModified":"2024-05-04T13:59:51+00:00","breadcrumb":{"@id":"https:\/\/goodchiweed.de\/komplett-sorglos-paket\/#breadcrumb"},"inLanguage":"en-US","potentialAction":[{"@type":"ReadAction","target":["https:\/\/goodchiweed.de\/komplett-sorglos-paket\/"]}]},{"@type":"BreadcrumbList","@id":"https:\/\/goodchiweed.de\/komplett-sorglos-paket\/#breadcrumb","itemListElement":[{"@type":"ListItem","position":1,"name":"Startseite","item":"https:\/\/goodchiweed.de\/"},{"@type":"ListItem","position":2,"name":"Komplett-sorglos-Paket"}]},{"@type":"WebSite","@id":"https:\/\/goodchiweed.de\/#website","url":"https:\/\/goodchiweed.de\/","name":"Goodchi Weed","description":"","publisher":{"@id":"https:\/\/goodchiweed.de\/#organization"},"potentialAction":[{"@type":"SearchAction","target":{"@type":"EntryPoint","urlTemplate":"https:\/\/goodchiweed.de\/?s={search_term_string}"},"query-input":{"@type":"PropertyValueSpecification","valueRequired":true,"valueName":"search_term_string"}}],"inLanguage":"en-US"},{"@type":"Organization","@id":"https:\/\/goodchiweed.de\/#organization","name":"Goodchi Weed","url":"https:\/\/goodchiweed.de\/","logo":{"@type":"ImageObject","inLanguage":"en-US","@id":"https:\/\/goodchiweed.de\/#\/schema\/logo\/image\/","url":"https:\/\/goodchiweed.de\/wp-content\/uploads\/2024\/05\/1.Goodchi-Weed_PNG.png","contentUrl":"https:\/\/goodchiweed.de\/wp-content\/uploads\/2024\/05\/1.Goodchi-Weed_PNG.png","width":3000,"height":3000,"caption":"Goodchi Weed"},"image":{"@id":"https:\/\/goodchiweed.de\/#\/schema\/logo\/image\/"}}]}},"_links":{"self":[{"href":"https:\/\/goodchiweed.de\/en\/wp-json\/wp\/v2\/pages\/1803","targetHints":{"allow":["GET"]}}],"collection":[{"href":"https:\/\/goodchiweed.de\/en\/wp-json\/wp\/v2\/pages"}],"about":[{"href":"https:\/\/goodchiweed.de\/en\/wp-json\/wp\/v2\/types\/page"}],"author":[{"embeddable":true,"href":"https:\/\/goodchiweed.de\/en\/wp-json\/wp\/v2\/users\/1"}],"replies":[{"embeddable":true,"href":"https:\/\/goodchiweed.de\/en\/wp-json\/wp\/v2\/comments?post=1803"}],"version-history":[{"count":24,"href":"https:\/\/goodchiweed.de\/en\/wp-json\/wp\/v2\/pages\/1803\/revisions"}],"predecessor-version":[{"id":1833,"href":"https:\/\/goodchiweed.de\/en\/wp-json\/wp\/v2\/pages\/1803\/revisions\/1833"}],"wp:attachment":[{"href":"https:\/\/goodchiweed.de\/en\/wp-json\/wp\/v2\/media?parent=1803"}],"curies":[{"name":"wp","href":"https:\/\/api.w.org\/{rel}","templated":true}]}}